{"id":1315,"date":"2021-06-28T12:03:50","date_gmt":"2021-06-28T12:03:50","guid":{"rendered":"https:\/\/aspazores.pt\/faq-vender-imovel\/"},"modified":"2022-11-30T11:44:16","modified_gmt":"2022-11-30T11:44:16","slug":"faq-vender-imovel","status":"publish","type":"page","link":"http:\/\/aspazores.pt\/de\/faq-vender-imovel\/","title":{"rendered":"Faq"},"content":{"rendered":"","protected":false},"excerpt":{"rendered":"","protected":false},"author":1,"featured_media":0,"parent":0,"menu_order":0,"comment_status":"closed","ping_status":"closed","template":"","meta":{"_joinchat":[],"footnotes":""},"class_list":["post-1315","page","type-page","status-publish","hentry"],"acf":[],"yoast_head":"<!-- This site is optimized with the Yoast SEO plugin v19.2 - https:\/\/yoast.com\/wordpress\/plugins\/seo\/ -->\n<title>Vender Im\u00f3vel - Saiba Tudo o que Precisa sobre um Im\u00f3vel! | Aspazores<\/title>\n<meta name=\"description\" content=\"Quais s\u00e3o os documentos necess\u00e1rios para vender um im\u00f3vel? Como posso ter uma avalia\u00e7\u00e3o do valor do meu im\u00f3vel?\" \/>\n<meta name=\"robots\" content=\"index, follow, max-snippet:-1, max-image-preview:large, max-video-preview:-1\" \/>\n<link rel=\"canonical\" href=\"http:\/\/aspazores.pt\/de\/faq-vender-imovel\/\" \/>\n<meta property=\"og:locale\" content=\"de_DE\" \/>\n<meta property=\"og:type\" content=\"article\" \/>\n<meta property=\"og:title\" content=\"Vender Im\u00f3vel - Saiba Tudo o que Precisa sobre um Im\u00f3vel! | Aspazores\" \/>\n<meta property=\"og:description\" content=\"Quais s\u00e3o os documentos necess\u00e1rios para vender um im\u00f3vel? Como posso ter uma avalia\u00e7\u00e3o do valor do meu im\u00f3vel?\" \/>\n<meta property=\"og:url\" content=\"http:\/\/aspazores.pt\/de\/faq-vender-imovel\/\" \/>\n<meta property=\"og:site_name\" content=\"Aspazores\" \/>\n<meta property=\"article:modified_time\" content=\"2022-11-30T11:44:16+00:00\" \/>\n<meta name=\"author\" content=\"Administrador\" \/>\n<meta name=\"twitter:card\" content=\"summary_large_image\" \/>\n<script type=\"application\/ld+json\" class=\"yoast-schema-graph\">{\"@context\":\"https:\/\/schema.org\",\"@graph\":[{\"@type\":\"WebSite\",\"@id\":\"http:\/\/aspazores.pt\/it\/#website\",\"url\":\"http:\/\/aspazores.pt\/it\/\",\"name\":\"Aspazores\",\"description\":\"\",\"potentialAction\":[{\"@type\":\"SearchAction\",\"target\":{\"@type\":\"EntryPoint\",\"urlTemplate\":\"http:\/\/aspazores.pt\/it\/?s={search_term_string}\"},\"query-input\":\"required name=search_term_string\"}],\"inLanguage\":\"de\"},{\"@type\":\"WebPage\",\"@id\":\"http:\/\/aspazores.pt\/de\/faq-vender-imovel\/#webpage\",\"url\":\"http:\/\/aspazores.pt\/de\/faq-vender-imovel\/\",\"name\":\"Vender Im\u00f3vel - Saiba Tudo o que Precisa sobre um Im\u00f3vel! | Aspazores\",\"isPartOf\":{\"@id\":\"http:\/\/aspazores.pt\/it\/#website\"},\"datePublished\":\"2021-06-28T12:03:50+00:00\",\"dateModified\":\"2022-11-30T11:44:16+00:00\",\"description\":\"Quais s\u00e3o os documentos necess\u00e1rios para vender um im\u00f3vel? Como posso ter uma avalia\u00e7\u00e3o do valor do meu im\u00f3vel?\",\"breadcrumb\":{\"@id\":\"http:\/\/aspazores.pt\/de\/faq-vender-imovel\/#breadcrumb\"},\"inLanguage\":\"de\",\"potentialAction\":[{\"@type\":\"ReadAction\",\"target\":[\"http:\/\/aspazores.pt\/de\/faq-vender-imovel\/\"]}]},{\"@type\":\"BreadcrumbList\",\"@id\":\"http:\/\/aspazores.pt\/de\/faq-vender-imovel\/#breadcrumb\",\"itemListElement\":[{\"@type\":\"ListItem\",\"position\":1,\"name\":\"In\u00edcio\",\"item\":\"http:\/\/aspazores.pt\/de\/\"},{\"@type\":\"ListItem\",\"position\":2,\"name\":\"Faq\"}]}]}<\/script>\n<!-- \/ Yoast SEO plugin. -->","yoast_head_json":{"title":"Vender Im\u00f3vel - Saiba Tudo o que Precisa sobre um Im\u00f3vel! | Aspazores","description":"Quais s\u00e3o os documentos necess\u00e1rios para vender um im\u00f3vel? Como posso ter uma avalia\u00e7\u00e3o do valor do meu im\u00f3vel?","robots":{"index":"index","follow":"follow","max-snippet":"max-snippet:-1","max-image-preview":"max-image-preview:large","max-video-preview":"max-video-preview:-1"},"canonical":"http:\/\/aspazores.pt\/de\/faq-vender-imovel\/","og_locale":"de_DE","og_type":"article","og_title":"Vender Im\u00f3vel - Saiba Tudo o que Precisa sobre um Im\u00f3vel! | Aspazores","og_description":"Quais s\u00e3o os documentos necess\u00e1rios para vender um im\u00f3vel? Como posso ter uma avalia\u00e7\u00e3o do valor do meu im\u00f3vel?","og_url":"http:\/\/aspazores.pt\/de\/faq-vender-imovel\/","og_site_name":"Aspazores","article_modified_time":"2022-11-30T11:44:16+00:00","author":"Administrador","twitter_card":"summary_large_image","schema":{"@context":"https:\/\/schema.org","@graph":[{"@type":"WebSite","@id":"http:\/\/aspazores.pt\/it\/#website","url":"http:\/\/aspazores.pt\/it\/","name":"Aspazores","description":"","potentialAction":[{"@type":"SearchAction","target":{"@type":"EntryPoint","urlTemplate":"http:\/\/aspazores.pt\/it\/?s={search_term_string}"},"query-input":"required name=search_term_string"}],"inLanguage":"de"},{"@type":"WebPage","@id":"http:\/\/aspazores.pt\/de\/faq-vender-imovel\/#webpage","url":"http:\/\/aspazores.pt\/de\/faq-vender-imovel\/","name":"Vender Im\u00f3vel - Saiba Tudo o que Precisa sobre um Im\u00f3vel! | Aspazores","isPartOf":{"@id":"http:\/\/aspazores.pt\/it\/#website"},"datePublished":"2021-06-28T12:03:50+00:00","dateModified":"2022-11-30T11:44:16+00:00","description":"Quais s\u00e3o os documentos necess\u00e1rios para vender um im\u00f3vel? Como posso ter uma avalia\u00e7\u00e3o do valor do meu im\u00f3vel?","breadcrumb":{"@id":"http:\/\/aspazores.pt\/de\/faq-vender-imovel\/#breadcrumb"},"inLanguage":"de","potentialAction":[{"@type":"ReadAction","target":["http:\/\/aspazores.pt\/de\/faq-vender-imovel\/"]}]},{"@type":"BreadcrumbList","@id":"http:\/\/aspazores.pt\/de\/faq-vender-imovel\/#breadcrumb","itemListElement":[{"@type":"ListItem","position":1,"name":"In\u00edcio","item":"http:\/\/aspazores.pt\/de\/"},{"@type":"ListItem","position":2,"name":"Faq"}]}]}},"_links":{"self":[{"href":"http:\/\/aspazores.pt\/de\/wp-json\/wp\/v2\/pages\/1315","targetHints":{"allow":["GET"]}}],"collection":[{"href":"http:\/\/aspazores.pt\/de\/wp-json\/wp\/v2\/pages"}],"about":[{"href":"http:\/\/aspazores.pt\/de\/wp-json\/wp\/v2\/types\/page"}],"author":[{"embeddable":true,"href":"http:\/\/aspazores.pt\/de\/wp-json\/wp\/v2\/users\/1"}],"replies":[{"embeddable":true,"href":"http:\/\/aspazores.pt\/de\/wp-json\/wp\/v2\/comments?post=1315"}],"version-history":[{"count":1,"href":"http:\/\/aspazores.pt\/de\/wp-json\/wp\/v2\/pages\/1315\/revisions"}],"predecessor-version":[{"id":1520,"href":"http:\/\/aspazores.pt\/de\/wp-json\/wp\/v2\/pages\/1315\/revisions\/1520"}],"wp:attachment":[{"href":"http:\/\/aspazores.pt\/de\/wp-json\/wp\/v2\/media?parent=1315"}],"curies":[{"name":"wp","href":"https:\/\/api.w.org\/{rel}","templated":true}]}}