{"id":1323,"date":"2021-06-14T11:27:39","date_gmt":"2021-06-14T11:27:39","guid":{"rendered":"https:\/\/aspazores.pt\/politica-privacidade\/"},"modified":"2022-11-30T11:53:11","modified_gmt":"2022-11-30T11:53:11","slug":"politica-privacidade","status":"publish","type":"page","link":"http:\/\/aspazores.pt\/de\/politica-privacidade\/","title":{"rendered":"Datenschutzrichtlinie"},"content":{"rendered":"\n<p>DSGVO &#8211; Datenschutz im Allgemeinen<br>Datenschutzerkl\u00e4rung | Allgemeine Gesch\u00e4ftsbedingungen<\/p>\n\n\n\n<p><strong>ERKL\u00c4RUNG UND ZUSTIMMUNG ZUR DATENSCHUTZERKL\u00c4RUNG<br><\/strong><\/p>\n\n\n\n<p>Indem Sie diese Datenschutzrichtlinie akzeptieren, autorisieren Sie Aspazores &#8211; Investimentos, Unipessoal Lda, Firmennummer 516596640, mit Sitz in der Rua Padre Jos\u00e9 Machado Barcelos, N.\u00ba 41 9500-725 Ponta Delgada, Ihre in Ihrem Registrierungsformular enthaltenen personenbezogenen Daten zu verarbeiten, von denen Sie best\u00e4tigen, dass Sie der Eigent\u00fcmer sind, sowie Daten in Bezug auf Ihre Gesch\u00e4fts- und Vertragsbeziehung und deren Verwaltung gem\u00e4\u00df dieser Datenschutzrichtlinie.<\/p>\n\n\n\n<p>Ferner hei\u00dft es:<\/p>\n\n\n\n<p>sich bewusst und umfassend informiert sein\/dass die Verarbeitung Ihrer personenbezogenen Daten alle Vorg\u00e4nge umfasst, die mit den von Ihnen \u00fcbermittelten Daten auf automatisierte Weise oder nicht zu folgenden Zwecken durchgef\u00fchrt werden:&nbsp;<\/p>\n\n\n\n<ul class=\"wp-block-list\"><li>Verbesserung des Funktionierens und der Funktionalit\u00e4ten der Aspazores &#8211; Investimentos, Unipessoal Lda Website (auch in den F\u00e4llen, in denen Ihre Daten gesammelt und statistisch behandelt werden, ohne von Dritten identifizierbar zu sein, denen sie zur Verf\u00fcgung gestellt werden);<\/li><li>Verbesserung und Personalisierung der Dienstleistungen,<\/li><li>Sie\/sie per E-Mail, SMS oder Telefon kontaktieren &#8211; Informationen oder Updates \u00fcber Ihre Transaktionen und Bestellungen sowie Informationen \u00fcber neue Produkte oder Dienstleistungen senden;\u00a0<\/li><li>mit Ihnen auf Social-Media-Plattformen interagieren;<\/li><li>Die freie Nutzung und Vervielf\u00e4ltigung durch Aspazores &#8211; Investimentos, Unipessoal Lda., ihrer \u00f6ffentlich zug\u00e4nglichen Inhalte und\/oder auf Social-Media-Plattformen, in denen sie ausdr\u00fccklich und ausdr\u00fccklich auf den &#8222;Hashtag&#8220; #aspazores, unsere Marken, verwiesen hat, zu akzeptieren und zu genehmigen, Erzeugnisse oder Dienstleistungen;<\/li><li>Bitte beachten Sie, dass Sie gem\u00e4\u00df geltendem Recht der Verarbeitung Ihrer Daten f\u00fcr einen oder einige der oben beschriebenen Zwecke widersprechen, einschr\u00e4nken, korrigieren oder die L\u00f6schung verlangen k\u00f6nnen, indem Sie eine Anfrage an die folgende E-Mail-Adresse senden: geral@aspazores.pt, und das Recht haben, bei den zust\u00e4ndigen Beh\u00f6rden Beschwerde einzulegen;<\/li><li>diese Einwilligung freiwillig und freiwillig erteilen und mindestens 16 Jahre alt sein.<\/li><\/ul>\n\n\n\n<p><br><strong>Datenschutzrichtlinie<\/strong><\/p>\n\n\n\n<p>Bei Aspazores &#8211; Investimentos, Unipessoal Lda, betrachten wir Ihre Privatsph\u00e4re als eine ernste Angelegenheit. Wir sind bestrebt, Ihre Erfahrung mit unserer Website und unseren Social-Media-Plattformen in einer sicheren Umgebung zu maximieren.\u00a0<br>Es ist unsere Politik, Ihre personenbezogenen Daten diskret zu behandeln und zu sch\u00fctzen. Diese Datenschutzrichtlinie erkl\u00e4rt, wie wir Informationen \u00fcber Sie online und offline sammeln, sch\u00fctzen, verwenden und weitergeben, in der Hoffnung, Ihnen mehr Vertrauen in Aspazores &#8211; Investimentos, Unipessoal Lda zu geben und Ihre Erfahrung mit uns zu verbessern.<br><br>Bitte beachten Sie, dass diese Datenschutzrichtlinie nur f\u00fcr Informationen gilt, die von Aspazores &#8211; Investments, Unipessoal Lda gesammelt werden, und nicht die Informationen, die Sie m\u00f6glicherweise auf anderen Websites oder sozialen Plattformen \u00fcbermittelt haben, die von anderen Unternehmen oder Organisationen verwaltet werden, auf die wir m\u00f6glicherweise verweisen. Diese Datenschutzerkl\u00e4rung gilt nur f\u00fcr diese Website. Bitte lesen Sie die folgenden Bedingungen sorgf\u00e4ltig durch.<\/p>\n\n\n\n<ol class=\"wp-block-list\" type=\"1\"><li>Ihre Daten<\/li><\/ol>\n\n\n\n<p>Aspazores &#8211; Investimentos, Unipessoal Lda verpflichtet sich, Ihre personenbezogenen Daten gem\u00e4\u00df der Europ\u00e4ischen Verordnung (EU) 2016\/679 des Europ\u00e4ischen Parlaments und des Rates vom 27. April 2016 zu verarbeiten, zum Schutz nat\u00fcrlicher Personen bei der Verarbeitung personenbezogener Daten und zum freien Verkehr dieser Daten und zur Aufhebung der Richtlinie 95\/46\/EG (Datenschutz-Grundverordnung).<br>Diese Website sammelt keine personenbezogenen Daten \u00fcber Sie, es sei denn, Sie stellen uns diese freiwillig zur Verf\u00fcgung. Dies bedeutet, dass wir Ihren Namen, Ihre E-Mail-Adresse oder andere pers\u00f6nliche Informationen nicht kennen, nur weil Sie diese Website besucht haben.<\/p>\n\n\n\n<p><br>Wir erheben Ihre Daten nur, wenn Sie ein Online-Angebot oder ein Kontaktformular ausf\u00fcllen. M\u00f6glicherweise werden Sie aufgefordert, Ihren Namen, Ihre Telefonnummer, Ihre E-Mail-Adresse und andere relevante Informationen einzugeben.<\/p>\n\n\n\n<p>Bitte beachten Sie, dass Sie uns durch die Bereitstellung personenbezogener Daten \u00fcber Sie gem\u00e4\u00df den in dieser Datenschutzrichtlinie beschriebenen Bedingungen Ihre Zustimmung zur Verwendung f\u00fcr die hier genannten Zwecke erteilen.<\/p>\n\n\n\n<ul class=\"wp-block-list\"><li><strong>Verwendung Ihrer Daten<\/strong><\/li><\/ul>\n\n\n\n<p>Alle von Ihnen angegebenen Daten k\u00f6nnen wie folgt verwendet werden:<\/p>\n\n\n\n<ul class=\"wp-block-list\"><li>Passen Sie Ihre Erfahrung mit uns an<\/li><li>Verbessern Sie unsere Website auf verf\u00fcgbare Dienste und Ressourcen<\/li><li>Kontaktieren Sie<\/li><\/ul>\n\n\n\n<p>Ihre Daten, ob \u00f6ffentlich oder privat, werden nicht verkauft, ausgetauscht, \u00fcbertragen oder an andere Unternehmen au\u00dferhalb Aspazores &#8211; Investimentos, Unipessoal Lda, aus irgendeinem Grund, ohne Ihre Zustimmung.&nbsp;<\/p>\n\n\n\n<p>Wir k\u00f6nnen aggregierte Informationen und Statistiken verwenden und an Dritte weitergeben, um die Nutzung unserer Website zu \u00fcberwachen, um uns bei der Entwicklung dieser Website und unserer Dienstleistungen zu unterst\u00fctzen. Die verwendeten Daten sollten keine Informationen enthalten, die zur Identifizierung einer Person verwendet werden k\u00f6nnen.<\/p>\n\n\n\n<p>Die von Ihnen angegebenen Kontaktdaten k\u00f6nnen verwendet werden, um Informationen und Updates im Zusammenhang mit Ihren Bestellungen zu senden und gelegentlich Updates von Aspazores zu erhalten &#8211;<\/p>\n\n\n\n<p>Wir k\u00f6nnen Sie per E-Mail oder Telefon kontaktieren, um Ihr Feedback zu unseren Produkten und Dienstleistungen zu erhalten.<\/p>\n\n\n\n<p><br>Hinweis: Wenn Sie sich zu irgendeinem Zeitpunkt von zuk\u00fcnftigen E-Mails abmelden m\u00f6chten, werden wir am Ende jeder E-Mail detaillierte Anweisungen zum Abbestellen enthalten.<\/p>\n\n\n\n<ul class=\"wp-block-list\"><li><strong>Schutz Ihrer Daten<\/strong><\/li><\/ul>\n\n\n\n<p>Wir befolgen Branchenstandards, um Ihre Daten w\u00e4hrend der \u00dcbertragung zu sch\u00fctzen. Nach Erhalt ergreifen wir verschiedene Ma\u00dfnahmen, um die Sicherheit der personenbezogenen Daten, die Sie uns \u00fcbermittelt haben, zu gew\u00e4hrleisten.<\/p>\n\n\n\n<p>SIE SOLLTEN JEDOCH WISSEN, DASS KEINE METHODE DER \u00dcBERTRAGUNG ODER DER ELEKTRONISCHEN SPEICHERUNG, IST &amp; NBSP;100% SICHER.<\/p>\n\n\n\n<p>DAHER K\u00d6NNEN WIR IN DEM GESETZLICH ZUL\u00c4SSIGEN UMFANG F\u00dcR JEGLICHE ANSPR\u00dcCHE NICHT HAFTBAR GEMACHT WERDEN. VERLUSTE UND SCH\u00c4DEN, INSBESONDERE DIREKTE, INDIREKTE, BESONDERE, STRAF-, NEBEN- ODER FOLGESCH\u00c4DEN ODER SCH\u00c4DEN, DIE IHNEN ODER EINEM BENUTZER IM ZUSAMMENHANG MIT COMPUTERBETRUG ENTSTEHEN, RISIKEN ODER ANDERE VERST\u00d6SSE ODER UMST\u00c4NDE, IN DENEN AUF IHRE DATEN OHNE UNSERE AUSDR\u00dcCKLICHE ERLAUBNIS ZUGEGRIFFEN ODER OFFENGELEGT WIRD.<\/p>\n\n\n\n<ul class=\"wp-block-list\"><li><strong>Cookies<\/strong><strong><br><\/strong><\/li><\/ul>\n\n\n\n<p>Ein Cookie ist eine kleine Textdatei, die, obwohl sie keine pers\u00f6nlichen Informationen sammelt, die es dem Benutzer erm\u00f6glichen, identifiziert zu werden, auf ihrem Zugriffsger\u00e4t (mobil, berechnet oder anderweitig) speichertAllgemeine Informationen \u00fcber Ihre Navigation, mit denen Sie sie schneller und effektiver nutzen k\u00f6nnen.<br>Ein Cookie allein identifiziert keinen Nutzer \/ Besucher pers\u00f6nlich.<br>Wir k\u00f6nnen Technologien wie &#8222;Cookies&#8220; verwenden, um Sitzungsinformationen aufzuzeichnen, Besuche zu sammeln und auf Details unserer Webseiten zuzugreifen, die es uns erm\u00f6glichen, unsere Dienste weiter zu verbessern und Benutzern\/Besuchern unserer Website bessere und n\u00fctzlichere Funktionen anzubieten.<\/p>\n\n\n\n<p>Cookies werden empfohlen und haben bestimmte Funktionen, um eine bessere und pers\u00f6nlichere Navigation zu erm\u00f6glichen.<\/p>\n\n\n\n<p>Das Vorhandensein von Cookies beeintr\u00e4chtigt nicht die Funktion Ihres Ger\u00e4ts und seines Betriebssystems. Neben den im Cookie gespeicherten Informationen werden auch Informationen im Bereich &#8222;lokale Speicherung&#8220; Ihres Browsers zum gleichen Zweck wie Cookies gespeichert.&nbsp;<\/p>\n\n\n\n<p>Cookies k\u00f6nnen verschiedene Arten von Cookies sein: solche, die es erm\u00f6glichen, den Benutzer zu identifizieren und die Funktionsweise der Dienste auf den Websites zu verbessern; solche, die die Leistung der Website verbessern, indem sie die Art und Weise analysieren, wie Benutzer sie verwenden; diejenigen, die es dem Benutzer erm\u00f6glichen, individueller zu navigieren, und solche, die Benutzerinformationen \u00fcber das Surfverhalten im Internet sammeln, damit die vom Benutzer angesehene Werbung ihren Bed\u00fcrfnissen und Interessen entspricht.&nbsp;<\/p>\n\n\n\n<p>Der Hauptzweck unserer Cookies besteht darin, Ihre Browser-Erfahrung zu verbessern, da es uns unter anderem hilft, Ihre Pr\u00e4ferenzen zu speichern. Diese Informationen erm\u00f6glichen uns auch, unsere Website zu verbessern (zum Beispiel die statistische Analyse ihrer Nutzung zu erleichtern). Im Hinblick auf diese Zwecke werden Ihre personenbezogenen Daten sensibler Natur nicht durch Cookies gespeichert. Die in unseren Cookies enthaltenen Informationen werden nur von uns verwendet, mit Ausnahme derjenigen, die sich auf Google Analytics beziehen (von Google verwaltet).<\/p>\n\n\n\n<p>Alle Browser erlauben dem Benutzer, Cookies zu akzeptieren, abzulehnen oder zu l\u00f6schen, insbesondere durch Auswahl der entsprechenden Einstellungen in seinem Browser, so dass der Benutzer jederzeit Cookies teilweise oder vollst\u00e4ndig deaktivieren kann.<\/p>\n\n\n\n<p><br>Wenn Sie Cookies deaktivieren, k\u00f6nnen Sie m\u00f6glicherweise nicht auf bestimmte Bereiche unserer Website zugreifen, Ihr Surfen wird weniger effizient und Sie k\u00f6nnen keine der Funktionen oder Dienste mehr nutzen.&nbsp;<\/p>\n\n\n\n<p>Hinweis: Diese Liste kann aufgrund neuer Dienste und Funktionen unserer Website mit der Einf\u00fchrung neuer Cookies aktualisiert werden.<\/p>\n\n\n\n<ul class=\"wp-block-list\"><li><strong>So sorgen Sie f\u00fcr Ihre Sicherheit<\/strong><\/li><\/ul>\n\n\n\n<p>F\u00fcr Ihre Privatsph\u00e4re empfehlen wir Ihnen, keine personenbezogenen Daten, besonders sensible oder vertrauliche, in die E-Mails aufzunehmen, die Sie uns senden. Bitte senden Sie uns keine Kreditkartennummern oder sensible pers\u00f6nliche Informationen.<\/p>\n\n\n\n<p>Wir sammeln nicht wissentlich personenbezogene Daten von Minderj\u00e4hrigen. Erlauben Sie als Elternteil oder Erziehungsberechtigter Ihren Kindern nicht, personenbezogene Daten ohne Ihre Erlaubnis zu \u00fcbermitteln.<\/p>\n\n\n\n<p>WIR SIND NICHT VERANTWORTLICH F\u00dcR DIE IDENTIFIZIERUNG VON DATEN ODER ANDEREN INFORMATIONEN, DIE SIE IN FOREN ALS KOMMENTARBEREICH ODER EINEM ANDEREN ZUG\u00c4NGLICHEN \u00d6FFENTLICHEN BEREICH, DEN WIR VERWALTEN ODER VERWALTEN.<\/p>\n\n\n\n<ul class=\"wp-block-list\"><li><strong>Weitergabe von Informationen an Dritte<\/strong><\/li><\/ul>\n\n\n\n<p>Wir verkaufen, handeln oder \u00fcbertragen Ihre personenbezogenen Daten nicht an Dritte. Dies gilt nicht f\u00fcr vertrauensw\u00fcrdige Dritte, die uns bei der Verwaltung unserer Website, unserer mobilen Anwendungen, unserer Gesch\u00e4ftst\u00e4tigkeit oder der Erbringung von Dienstleistungen f\u00fcr unsere Kunden unterst\u00fctzen, sofern diese Parteien sich verpflichten, diese Informationen vertraulich zu behandeln.&nbsp;<\/p>\n\n\n\n<p>Wir k\u00f6nnen Ihre Daten auch offenlegen, wenn wir der Meinung sind, dass die Ver\u00f6ffentlichung zur Einhaltung der Gesetze, zur Durchsetzung unserer Website-Richtlinien oder zum Schutz unserer Rechte, unseres Eigentums oder unserer Sicherheit geeignet ist. &nbsp;<\/p>\n\n\n\n<p>Nicht personenbezogene Besucherinformationen k\u00f6nnen jedoch anderen Parteien f\u00fcr Marketing, Werbung oder andere Zwecke zur Verf\u00fcgung gestellt werden.<\/p>\n\n\n\n<p><\/p>\n\n\n\n<ul class=\"wp-block-list\"><li><strong>Links Dritter<\/strong><\/li><\/ul>\n\n\n\n<p><br>Bitte beachten Sie, dass Sie, obwohl Sie sich auf einer von uns betriebenen Website befinden, auch auf Links zu Websites Dritter verwiesen werden k\u00f6nnen. Gelegentlich k\u00f6nnen wir nach unserem Ermessen Dienstleistungen Dritter auf unseren Plattformen anbieten.<\/p>\n\n\n\n<p>Diese Websites Dritter haben separate und unabh\u00e4ngige Datenschutzrichtlinien. Diese Richtlinien werden nicht von uns verwaltet oder kontrolliert, daher \u00fcbernimmt Aspazores &#8211; Investimentos, Unipessoal Lda keine Verantwortung f\u00fcr den Inhalt und die Aktivit\u00e4ten dieser Websites.<\/p>\n\n\n\n<p>Wir bem\u00fchen uns jedoch, die Integrit\u00e4t unserer Website und unserer Plattformen zu sch\u00fctzen und kontaktieren Sie uns bitte, wenn Sie uns Ihr Feedback dazu geben m\u00f6chten. Wir empfehlen Ihnen auch, die Gesch\u00e4ftsbedingungen und Datenschutzrichtlinien dieser verlinkten Websites sorgf\u00e4ltig zu lesen, bevor Sie personenbezogene Daten oder Informationen \u00fcbermitteln.<\/p>\n\n\n\n<ul class=\"wp-block-list\"><li><strong>Ihre Zustimmung<\/strong><\/li><\/ul>\n\n\n\n<p>Mit der Nutzung unserer Website und unserer Plattformen stimmen Sie unserer Datenschutzerkl\u00e4rung zu.<\/p>\n\n\n\n<ul class=\"wp-block-list\"><li><strong>Dauer der Speicherung Ihrer Daten<\/strong><\/li><\/ul>\n\n\n\n<p>Es liegt in unserer Verantwortung, Sie dar\u00fcber zu informieren, dass die personenbezogenen Daten, die Sie uns zur Verf\u00fcgung stellen, so lange aufbewahrt werden, bis Sie deren L\u00f6schung beantragen.<\/p>\n\n\n\n<ul class=\"wp-block-list\" type=\"1\"><li><strong>Urheberrecht<\/strong><\/li><\/ul>\n\n\n\n<p>Die Videos, Sounds, Bilder und alle Informationen auf dieser Website k\u00f6nnen ohne vorherige Genehmigung von Aspazores &#8211; Investimentos, Unipessoal Lda. nicht kopiert, verteilt, ver\u00e4ndert oder auf digitalen Plattformen platziert werden<\/p>\n\n\n\n<ul class=\"wp-block-list\" type=\"1\"><li><strong>ihre Rechte<\/strong><\/li><\/ul>\n\n\n\n<p>Da wir sicherstellen m\u00f6chten, dass Sie sich Ihrer Rechte bewusst sind und in \u00dcbereinstimmung mit dem geltenden Recht, m\u00f6chten wir Sie dar\u00fcber informieren, dass:<\/p>\n\n\n\n<p>Ihre pers\u00f6nlichen Daten geh\u00f6ren Ihnen. Als solcher haben Sie das Recht auf Zugang, Berichtigung, Einschr\u00e4nkung, L\u00f6schung und Widerspruch zu ihrer Behandlung sowie auf Erhalt von ihnen von Aspazores &#8211; Investimentos, Unipessoal Lda.<br>Wir bem\u00fchen uns, Ihre personenbezogenen Daten auf dem neuesten Stand zu halten und nach den besten Branchenstandards zu sch\u00fctzen.<br>Sie haben das Recht, eine Beschwerde bei der zust\u00e4ndigen Datenschutzbeh\u00f6rde einzureichen. In Portugal ist diese Beh\u00f6rde die Nationale Datenschutzkommission (&#8222;CNPD&#8220;). Weitere Informationen \u00fcber das CNPD erhalten Sie \u00fcber die Website www.cnpd.pt<\/p>\n\n\n\n<p><strong><br><\/strong>Zur Aus\u00fcbung Ihrer Rechte auf Zugang, Berichtigung, L\u00f6schung, Sperrung oder Widerspruch gegen die Verarbeitung personenbezogener Daten, die Sie gem\u00e4\u00df dem Gesetz 67\/98 vom 26. Oktober angeben, m\u00fcssen Sie eine entsprechende Anfrage \u00fcber die folgende E-Mail-Adresse senden: geral@aspazores.pt<\/p>\n\n\n\n<ul class=\"wp-block-list\" type=\"1\"><li><strong>Anwendbares Recht <\/strong><\/li><\/ul>\n\n\n\n<p>Diese Nutzungsbedingungen unterliegen dem anwendbaren Recht und werden in \u00dcbereinstimmung mit diesem erstellt. Jeder Konflikt oder jede Abweichung der Auslegung wird dem zust\u00e4ndigen Gericht vorgelegt.<\/p>\n\n\n\n<ul class=\"wp-block-list\" type=\"1\"><li><strong>\u00c4nderungen an unserer Datenschutzerkl\u00e4rung<\/strong><\/li><\/ul>\n\n\n\n<p>Wir behalten uns das Recht vor, diese Datenschutzrichtlinie ohne weitere Zustimmung zu aktualisieren, zu \u00e4ndern oder zu l\u00f6schen. Wir werden Sie \u00fcber \u00c4nderungen auf unserer Website sowie \u00fcber eine Mitteilung an die angegebenen Kontaktmittel informieren. Ihre weitere Nutzung unserer Website, Anwendungen, Dienste und Funktionen, die nach einer solchen Kommunikation angeboten werden, gilt als mit solchen \u00c4nderungen vereinbar.<\/p>\n\n\n\n<p>Die aktuelle Version wurde am 31-05-2022 ver\u00f6ffentlicht.<\/p>\n\n\n\n<ul class=\"wp-block-list\" type=\"1\"><li><strong>kontaktiere uns<\/strong><\/li><\/ul>\n\n\n\n<p>Wenn Sie Fragen zu dieser Datenschutzrichtlinie haben oder eines Ihrer oben genannten Rechte aus\u00fcben m\u00f6chten, kontaktieren Sie uns bitte unter:<\/p>\n\n\n\n<p>Telefon: +351\u00a0913033303<\/p>\n\n\n\n<p>E-mail: geral@aspazores.pt<\/p>\n","protected":false},"excerpt":{"rendered":"<p>DSGVO &#8211; Datenschutz im AllgemeinenDatenschutzerkl\u00e4rung | Allgemeine Gesch\u00e4ftsbedingungen ERKL\u00c4RUNG UND ZUSTIMMUNG ZUR DATENSCHUTZERKL\u00c4RUNG Indem Sie diese Datenschutzrichtlinie akzeptieren, autorisieren Sie Aspazores &#8211; Investimentos, Unipessoal Lda, Firmennummer<span class=\"excerpt-hellip\"> [\u2026]<\/span><\/p>\n","protected":false},"author":1,"featured_media":0,"parent":0,"menu_order":0,"comment_status":"closed","ping_status":"closed","template":"","meta":{"_joinchat":[],"footnotes":""},"class_list":["post-1323","page","type-page","status-publish","hentry"],"acf":[],"yoast_head":"<!-- This site is optimized with the Yoast SEO plugin v19.2 - https:\/\/yoast.com\/wordpress\/plugins\/seo\/ -->\n<title>Datenschutzrichtlinie - Aspazores<\/title>\n<meta name=\"description\" content=\"Na Aspazores valorizamos a sua privacidade. Por favor, consulte a nossa pol\u00edtica privacidade e desfrute do que temos para si.\" \/>\n<meta name=\"robots\" content=\"index, follow, max-snippet:-1, max-image-preview:large, max-video-preview:-1\" \/>\n<link rel=\"canonical\" href=\"http:\/\/aspazores.pt\/de\/politica-privacidade\/\" \/>\n<meta property=\"og:locale\" content=\"de_DE\" \/>\n<meta property=\"og:type\" content=\"article\" \/>\n<meta property=\"og:title\" content=\"Datenschutzrichtlinie - Aspazores\" \/>\n<meta property=\"og:description\" content=\"Na Aspazores valorizamos a sua privacidade. Por favor, consulte a nossa pol\u00edtica privacidade e desfrute do que temos para si.\" \/>\n<meta property=\"og:url\" content=\"http:\/\/aspazores.pt\/de\/politica-privacidade\/\" \/>\n<meta property=\"og:site_name\" content=\"Aspazores\" \/>\n<meta property=\"article:modified_time\" content=\"2022-11-30T11:53:11+00:00\" \/>\n<meta name=\"author\" content=\"Administrador\" \/>\n<meta name=\"twitter:card\" content=\"summary_large_image\" \/>\n<meta name=\"twitter:label1\" content=\"Gesch\u00e4tzte Lesezeit\" \/>\n\t<meta name=\"twitter:data1\" content=\"11\u00a0Minuten\" \/>\n<script type=\"application\/ld+json\" class=\"yoast-schema-graph\">{\"@context\":\"https:\/\/schema.org\",\"@graph\":[{\"@type\":\"WebSite\",\"@id\":\"http:\/\/aspazores.pt\/it\/#website\",\"url\":\"http:\/\/aspazores.pt\/it\/\",\"name\":\"Aspazores\",\"description\":\"\",\"potentialAction\":[{\"@type\":\"SearchAction\",\"target\":{\"@type\":\"EntryPoint\",\"urlTemplate\":\"http:\/\/aspazores.pt\/it\/?s={search_term_string}\"},\"query-input\":\"required name=search_term_string\"}],\"inLanguage\":\"de\"},{\"@type\":\"WebPage\",\"@id\":\"http:\/\/aspazores.pt\/de\/politica-privacidade\/#webpage\",\"url\":\"http:\/\/aspazores.pt\/de\/politica-privacidade\/\",\"name\":\"Datenschutzrichtlinie - Aspazores\",\"isPartOf\":{\"@id\":\"http:\/\/aspazores.pt\/it\/#website\"},\"datePublished\":\"2021-06-14T11:27:39+00:00\",\"dateModified\":\"2022-11-30T11:53:11+00:00\",\"description\":\"Na Aspazores valorizamos a sua privacidade. Por favor, consulte a nossa pol\u00edtica privacidade e desfrute do que temos para si.\",\"breadcrumb\":{\"@id\":\"http:\/\/aspazores.pt\/de\/politica-privacidade\/#breadcrumb\"},\"inLanguage\":\"de\",\"potentialAction\":[{\"@type\":\"ReadAction\",\"target\":[\"http:\/\/aspazores.pt\/de\/politica-privacidade\/\"]}]},{\"@type\":\"BreadcrumbList\",\"@id\":\"http:\/\/aspazores.pt\/de\/politica-privacidade\/#breadcrumb\",\"itemListElement\":[{\"@type\":\"ListItem\",\"position\":1,\"name\":\"In\u00edcio\",\"item\":\"http:\/\/aspazores.pt\/de\/\"},{\"@type\":\"ListItem\",\"position\":2,\"name\":\"Datenschutzrichtlinie\"}]}]}<\/script>\n<!-- \/ Yoast SEO plugin. -->","yoast_head_json":{"title":"Datenschutzrichtlinie - Aspazores","description":"Na Aspazores valorizamos a sua privacidade. Por favor, consulte a nossa pol\u00edtica privacidade e desfrute do que temos para si.","robots":{"index":"index","follow":"follow","max-snippet":"max-snippet:-1","max-image-preview":"max-image-preview:large","max-video-preview":"max-video-preview:-1"},"canonical":"http:\/\/aspazores.pt\/de\/politica-privacidade\/","og_locale":"de_DE","og_type":"article","og_title":"Datenschutzrichtlinie - Aspazores","og_description":"Na Aspazores valorizamos a sua privacidade. Por favor, consulte a nossa pol\u00edtica privacidade e desfrute do que temos para si.","og_url":"http:\/\/aspazores.pt\/de\/politica-privacidade\/","og_site_name":"Aspazores","article_modified_time":"2022-11-30T11:53:11+00:00","author":"Administrador","twitter_card":"summary_large_image","twitter_misc":{"Gesch\u00e4tzte Lesezeit":"11\u00a0Minuten"},"schema":{"@context":"https:\/\/schema.org","@graph":[{"@type":"WebSite","@id":"http:\/\/aspazores.pt\/it\/#website","url":"http:\/\/aspazores.pt\/it\/","name":"Aspazores","description":"","potentialAction":[{"@type":"SearchAction","target":{"@type":"EntryPoint","urlTemplate":"http:\/\/aspazores.pt\/it\/?s={search_term_string}"},"query-input":"required name=search_term_string"}],"inLanguage":"de"},{"@type":"WebPage","@id":"http:\/\/aspazores.pt\/de\/politica-privacidade\/#webpage","url":"http:\/\/aspazores.pt\/de\/politica-privacidade\/","name":"Datenschutzrichtlinie - Aspazores","isPartOf":{"@id":"http:\/\/aspazores.pt\/it\/#website"},"datePublished":"2021-06-14T11:27:39+00:00","dateModified":"2022-11-30T11:53:11+00:00","description":"Na Aspazores valorizamos a sua privacidade. Por favor, consulte a nossa pol\u00edtica privacidade e desfrute do que temos para si.","breadcrumb":{"@id":"http:\/\/aspazores.pt\/de\/politica-privacidade\/#breadcrumb"},"inLanguage":"de","potentialAction":[{"@type":"ReadAction","target":["http:\/\/aspazores.pt\/de\/politica-privacidade\/"]}]},{"@type":"BreadcrumbList","@id":"http:\/\/aspazores.pt\/de\/politica-privacidade\/#breadcrumb","itemListElement":[{"@type":"ListItem","position":1,"name":"In\u00edcio","item":"http:\/\/aspazores.pt\/de\/"},{"@type":"ListItem","position":2,"name":"Datenschutzrichtlinie"}]}]}},"_links":{"self":[{"href":"http:\/\/aspazores.pt\/de\/wp-json\/wp\/v2\/pages\/1323","targetHints":{"allow":["GET"]}}],"collection":[{"href":"http:\/\/aspazores.pt\/de\/wp-json\/wp\/v2\/pages"}],"about":[{"href":"http:\/\/aspazores.pt\/de\/wp-json\/wp\/v2\/types\/page"}],"author":[{"embeddable":true,"href":"http:\/\/aspazores.pt\/de\/wp-json\/wp\/v2\/users\/1"}],"replies":[{"embeddable":true,"href":"http:\/\/aspazores.pt\/de\/wp-json\/wp\/v2\/comments?post=1323"}],"version-history":[{"count":2,"href":"http:\/\/aspazores.pt\/de\/wp-json\/wp\/v2\/pages\/1323\/revisions"}],"predecessor-version":[{"id":1522,"href":"http:\/\/aspazores.pt\/de\/wp-json\/wp\/v2\/pages\/1323\/revisions\/1522"}],"wp:attachment":[{"href":"http:\/\/aspazores.pt\/de\/wp-json\/wp\/v2\/media?parent=1323"}],"curies":[{"name":"wp","href":"https:\/\/api.w.org\/{rel}","templated":true}]}}