{"id":1331,"date":"2022-07-05T19:31:17","date_gmt":"2022-07-05T19:31:17","guid":{"rendered":"https:\/\/aspazores.pt\/termos-e-condicoes\/"},"modified":"2022-11-30T11:40:25","modified_gmt":"2022-11-30T11:40:25","slug":"termos-e-condicoes","status":"publish","type":"page","link":"http:\/\/aspazores.pt\/de\/termos-e-condicoes\/","title":{"rendered":"Allgemeinen Gesch\u00e4ftsbedingungen"},"content":{"rendered":"\n<p><\/p>\n\n\n\n<p><strong>1. <\/strong>Allgemeinen Gesch\u00e4ftsbedingungen<\/p>\n\n\n\n<p>1.1. Die Firma Aspazores &#8211; Investimentos, Unipessoal Lda, mit Sitz Padre Jos\u00e9 Machado Barcelos, N.\u00ba 41 9500-725 Ponta Delgada, juristische Person n. 516596640, die auch ihre Registrierungsnummer im Register des Handelsregisters von Ponta Delgada, mit dem Grundkapital von 75000 \u20ac, ist verantwortlich f\u00fcr die Website www. aspazores.pt (nachfolgend &#8222;website&#8220;).<\/p>\n\n\n\n<p>1.2. Der Benutzer erkl\u00e4rt, die hier beschriebenen Nutzungsbedingungen sowie alle zuk\u00fcnftigen \u00c4nderungen durch die Nutzung des von Aspazores &#8211; Investimentos, Unipessoal Lda. bereitgestellten Dienstes zu akzeptieren und entsprechend zu handeln.\u00a0 auf dieser Website.<\/p>\n\n\n\n<p>1.3 In den hier genannten Bedingungen beziehen wir uns, wenn die Begriffe &#8222;wir&#8220; oder &#8222;unser&#8220; verwendet werden, auf Aspazores &#8211; Investimentos, Unipessoal Lda.\u00a0 oder aspazores.pt. Wann immer wir &#8222;Sie&#8220; oder &#8222;Ihr&#8220; verwenden, beziehen wir uns auf jeden, der aspazores.ptverwendet.<\/p>\n\n\n\n<p>1.4. Durch den Zugriff und die Nutzung dieser Website unterliegen Sie den folgenden Allgemeinen Gesch\u00e4ftsbedingungen sowie unserer Datenschutzrichtlinie. Durch das Surfen auf der Website erkl\u00e4ren Sie sich mit diesen Allgemeinen Gesch\u00e4ftsbedingungen und der Datenschutzrichtlinie einverstanden. Wenn Sie mit seinem Inhalt nicht einverstanden sind, ist der Benutzer nicht berechtigt, auf die Website zuzugreifen und sie zu nutzen, und muss den Zugriff und\/ oder die Nutzung sofort beenden.<\/p>\n\n\n\n<p>1.5. Der Kunde sollte die Allgemeinen Gesch\u00e4ftsbedingungen bei jedem Zugriff auf die Website sorgf\u00e4ltig lesen.<\/p>\n\n\n\n<p>1.6. Wenn Sie gegen eine der hierin enthaltenen Bedingungen versto\u00dfen, wird Ihr Recht auf Zugriff und Nutzung dieser Website sofort beendet.<br>1.7. Die Inhalte dieser Website sind urheberrechtlich gesch\u00fctzt und sind Eigentum von Aspazores &#8211; Investimentos, Unipessoal Lda. Sie d\u00fcrfen es nicht ohne unsere Zustimmung verwenden.<\/p>\n\n\n\n<p><br><strong>2. Haushalt<\/strong><\/p>\n\n\n\n<p>2.1. Jedes gesendete Angebot ist 30 Tage ab dem Datum der Einreichung g\u00fcltig und kann nach diesem Zeitraum \u00fcberpr\u00fcft werden.<\/p>\n\n\n\n<p>2.2. Im Falle eines Fehlers im eingereichten Budget beh\u00e4lt sich a&nbsp;Aspazores &#8211; Investimentos, Unipessoal Ldaal das Recht vor, es w\u00e4hrend seiner G\u00fcltigkeit (30 Tage) zu korrigieren.<\/p>\n\n\n\n<p>2.3. Jede \u00c4nderung auf Kundenwunsch, Service oder Kosten, die nicht im urspr\u00fcnglichen Budget ausgedr\u00fcckt wurde, hat zus\u00e4tzliche Kosten.<\/p>\n\n\n\n<p><strong>3. Urheberrecht, Eigentum und Urheberrecht<\/strong><\/p>\n\n\n\n<p>3.1. Alle Inhalte dieser Website, die Text, Design, Illustrationen, Logos, Videos, Audio, Fotos und andere Elemente enthalten, sind gesetzlich unter dem Code of Copyright and Related Rights gesch\u00fctzt. Sie d\u00fcrfen die Inhalte ohne unsere vorherige ausdr\u00fcckliche schriftliche Zustimmung in keiner Weise f\u00fcr \u00f6ffentliche oder kommerzielle Zwecke anzeigen, reproduzieren, verteilen, \u00e4ndern, \u00fcbertragen oder verwenden.<\/p>\n\n\n\n<p>3.2. Die Inhalte dieser Website sind durch Urheberrechte und verwandte Schutzrechte, gewerbliche Schutzrechte, durch das Computer Crime Law gesch\u00fctzt und sind Eigentum von Aspazores &#8211; Investimentos, Unipessoal Lda.<\/p>\n\n\n\n<p>3.3. Das Urheberrecht am Werk ist nur Eigentum des Auftraggebers, wenn es abgeschlossen, genehmigt und vollst\u00e4ndig bezahlt ist.<\/p>\n\n\n\n<p>3.4. Wir behalten uns das Recht vor, dem Kunden nicht die bearbeitbaren Dateien, Schriftarten oder andere Werkzeuge und Software zur Verf\u00fcgung zu stellen, die f\u00fcr die Herstellung der Werke erforderlich sind.<\/p>\n\n\n\n<p>3.5. A&nbsp;Aspazores &#8211; Investimentos, Unipessoal Lda&nbsp; beh\u00e4lt sich das Recht vor, die Autoren jeglicher unerlaubter Vervielf\u00e4ltigung, Reproduktion, Verbreitung oder kommerzieller Verwertung von Texten, Design, Illustrationen, Logos, Videos, Audio, Fotos und anderen Elementen zu verfolgen, die nicht auf den Kunden \u00fcbergegangen sind.<\/p>\n\n\n\n<p>3.6. Der Kunde ist daf\u00fcr verantwortlich, dass die von ihm zur Ausf\u00fchrung der Werke zur Verf\u00fcgung gestellten Materialien kein Urheberrecht oder industrielles Eigentum Dritter verletzen und f\u00fcr Sch\u00e4den, die Aspazores &#8211; Investimentos, Unipessoal Lda. verursacht werden, Missbrauch derselben.<\/p>\n\n\n\n<p><strong>4. Online-Streitbeilegung<\/strong><\/p>\n\n\n\n<p>Die Europ\u00e4ische Union hat eine Website eingerichtet, um Verbraucher bei der Einreichung von Beschwerden \u00fcber Streitigkeiten, an denen sie beteiligt sind, zu unterst\u00fctzen. In diesem Zusammenhang stellt Aspazores &#8211; Investimentos, Unipessoal Lda alle Informationen zur Verf\u00fcgung, damit Sie Ihr Recht aus\u00fcben k\u00f6nnen, sich bei einer offiziellen, dritten und unparteiischen Stelle des Verfahrens (\u00abStreitbeilegungsstelle\u00bb) zu beschweren, die Ihnen bei der Beilegung der betreffenden Streitigkeit helfen wird.<br>Wenn Sie mit dem Kauf einer Ware oder Dienstleistung auf unserer Website oder mit der von uns vorgestellten L\u00f6sung zur L\u00f6sung der Situation unzufrieden sind, k\u00f6nnen Sie auf diesen offiziellen https:\/\/ec.europa.eu\/consumers\/odr\/main\/index.cfm?event=main2.show&amp;lng=PT zugreifen und seine Anfechtung offenlegen.<\/p>\n\n\n\n<p>4.1. Was ist alternative Streitbeilegung?<\/p>\n\n\n\n<p>Alternative Streitbeilegung ist die M\u00f6glichkeit, die alle Verbraucher zur Verf\u00fcgung haben, um Rechtsmittel und offizielle Stellen einzulegen, die ihnen bei der Beilegung oder Anleitung eines Konflikts helfen, bevor sie Gerichtsverfahren vor den Gerichten er\u00f6ffnen.<\/p>\n\n\n\n<p>In der Regel ist das Verfahren wie folgt: Der Kunde bittet einen unparteiischen Dritten, als Vermittler zwischen sich und dem H\u00e4ndler, der Ziel seiner Beschwerde ist, einzugreifen. Der Vermittler kann eine L\u00f6sung f\u00fcr Ihre Beschwerde vorschlagen, eine L\u00f6sung f\u00fcr beide Parteien vorschreiben oder die Parteien zusammenbringen, um eine L\u00f6sung zu finden.<\/p>\n\n\n\n<p>M\u00f6glicherweise kennen Sie das Konzept der alternativen Streitbeilegung unter einem anderen Namen: &#8218;Mediation&#8216;, &#8218;Schlichtung&#8216;, &#8218;Schiedsverfahren&#8216; oder &#8218;Ausschuss f\u00fcr Verbraucherstreitigkeiten&#8216;.<\/p>\n\n\n\n<p>Alternative Streitbeilegung ist in der Regel kosteng\u00fcnstiger, weniger formell und schneller als gerichtlich.<\/p>\n\n\n\n<p>Vorschl\u00e4ge alternativer Streitbeilegungsstellen:<\/p>\n\n\n\n<p>CNIACC \u2013 Centro Nacional de Informa\u00e7\u00e3o e Arbitragem de Conflitos de Consumo<\/p>\n\n\n\n<p>http:\/\/www.arbitragemdeconsumo.org\/<\/p>\n\n\n\n<p>Centro de Arbitragem de Conflitos de Consumo de Lisboa<\/p>\n\n\n\n<p>http:\/\/www.centroarbitragemlisboa.pt\/<\/p>\n\n\n\n<p>Centro de Arbitragem de Conflitos de Consumo do Vale do Ave\/Tribunal Arbitral<\/p>\n\n\n\n<p><blockquote class=\"wp-embedded-content\" data-secret=\"juEGB1xwZf\"><a href=\"https:\/\/www.triave.pt\/\">Home<\/a><\/blockquote><iframe class=\"wp-embedded-content\" sandbox=\"allow-scripts\" security=\"restricted\" style=\"position: absolute; clip: rect(1px, 1px, 1px, 1px);\" title=\"&#8220;Home&#8221; &#8212; TRIAVE\" src=\"https:\/\/www.triave.pt\/embed\/#?secret=6xilCbLcfa#?secret=juEGB1xwZf\" data-secret=\"juEGB1xwZf\" width=\"600\" height=\"338\" frameborder=\"0\" marginwidth=\"0\" marginheight=\"0\" scrolling=\"no\"><\/iframe><\/p>\n\n\n\n<p>CIAB \u2013 Centro de Informa\u00e7\u00e3o, Media\u00e7\u00e3o e Arbitragem de Consumo (Tribunal Arbitral de Consumo)<\/p>\n\n\n\n<p>http:\/\/www.ciab.pt\/pt\/<\/p>\n\n\n\n<p>CIMPAS \u2013 Centro de Informa\u00e7\u00e3o, Media\u00e7\u00e3o e Provedoria de Seguros<\/p>\n\n\n\n<figure class=\"wp-block-embed\"><div class=\"wp-block-embed__wrapper\">\nhttps:\/\/www.cimpas.pt\/\n<\/div><\/figure>\n\n\n\n<p><strong>5.Erlaubte Nutzung\/ verbotene Aktivit\u00e4ten<\/strong><\/p>\n\n\n\n<p>Nur der Zugang zu und die Nutzung dieser Website f\u00fcr pers\u00f6nliche und nicht-kommerzielle Funktionen, das hei\u00dft, dass die Website nur von Privatpersonen oder von einem Unternehmen, das unsere Dienstleistungen\/ Produkte in ihrem Namen erwerben m\u00f6chte, aufgerufen und genutzt werden sollte.&nbsp;<\/p>\n\n\n\n<p>Alle Aktivit\u00e4ten, die von uns als unangemessen und\/oder wahrscheinlich illegal in \u00dcbereinstimmung mit den f\u00fcr diese Website geltenden Rechtsvorschriften angesehen werden, einschlie\u00dflich, aber nicht beschr\u00e4nkt auf:<\/p>\n\n\n\n<p>5.1. Das Verletzen, Missbrauchen, Diffamieren, Bedrohen oder Bel\u00e4stigen einer anderen Person oder eines Unternehmens oder in einer Weise, die in die Privatsph\u00e4re einer anderen Person eindringt oder obsz\u00f6n, beleidigend, hasserf\u00fcllt, unanst\u00e4ndig, unangemessen, anst\u00f6\u00dfig, inakzeptabel, diskriminierend oder sch\u00e4dlich ist.<\/p>\n\n\n\n<p>5.2. Handlungen, die eine Verletzung der Privatsph\u00e4re darstellen k\u00f6nnen, wie das Senden privater Informationen an diese Website ohne die Zustimmung der betroffenen Person oder andere rechtliche Rechte von Einzelpersonen.<\/p>\n\n\n\n<p>5.3. Senden Sie an diese Website Dateien, die Viren enthalten, die das Eigentum von Aspazores &#8211; Investimentos, Unipessoal Lda oder das Eigentum von Einzelpersonen besch\u00e4digen k\u00f6nnen, oder \u00e4ndern oder rekonstruieren Sie einen Teil der Website.<\/p>\n\n\n\n<p>5.4. Verwenden Sie jede Art von computergesteuerten automatischen Code, Prozess, Programm, Roboter, Internet Crawler, Spider, Datenprozessor, Drag oder Screen Scraping Alternativen zu Computercodes, Prozess, Programm oder System.<\/p>\n\n\n\n<p>5.5. Es ist ausdr\u00fccklich verboten, die Website f\u00fcr illegale Zwecke oder andere Zwecke zu verwenden, die als unw\u00fcrdig f\u00fcr unser Image angesehen werden k\u00f6nnen. Usurpation, F\u00e4lschung, Ausbeutung von usurpierten oder gef\u00e4lschten Inhalten, unrechtm\u00e4\u00dfige Identifizierung und unlauterer Wettbewerb sind strafbar.<\/p>\n\n\n\n<p><strong>6. Inhalte und Garantien<\/strong><\/p>\n\n\n\n<p>6.1. Die Informationen auf dieser Website wurden in gutem Glauben aufgenommen und dienen ausschlie\u00dflich der allgemeinen Information und ihre Verwendung erfolgt auf Ihr alleiniges Risiko.<\/p>\n\n\n\n<p>6.2. Diese Website und ihre Inhalte werden ohne jegliche Garantien bereitgestellt, das hei\u00dft, es wird keine Garantie daf\u00fcr gegeben, dass der Zugriff auf diese Website ununterbrochen oder fehlerfrei, frei von Viren oder anderem sch\u00e4dlichen Material ist oder dass die auf dieser Website enthaltenen Informationen vollst\u00e4ndig, genau oder aktuell sind.<\/p>\n\n\n\n<p>6.3. Aspazores &#8211; Investimentos, Unipessoal Lda beh\u00e4lt sich das Recht vor, \u00c4nderungen und Korrekturen vorzunehmen, die Website auszusetzen oder zu schlie\u00dfen, wenn dies als angemessen und ohne vorherige Ank\u00fcndigung erachtet wird.<\/p>\n\n\n\n<p>6.4. Aspazores &#8211; Investimentos, Unipessoal Lda filtert oder \u00fcberwacht die von Dritten an diese Website \u00fcbermittelten Inhalte nicht im Voraus und ist nicht f\u00fcr die Filterung oder \u00dcberwachung von Inhalten dieser Art verantwortlich.<\/p>\n\n\n\n<p>6.5. Im Falle einer Benachrichtigung kann a&nbsp;Aspazores &#8211; Investimentos, Unipessoal Lda&nbsp;einer Behauptung nachgehen, dass der auf diese Website \u00fcbertragene Inhalt gegen die Allgemeinen Gesch\u00e4ftsbedingungen verst\u00f6\u00dft und ob die Informationen von dieser Website entfernt werden.<\/p>\n\n\n\n<p>6.6. Aspazores &#8211; Investimentos, Unipessoal Lda \u00fcbernimmt keine Verantwortung oder Verpflichtung f\u00fcr Handlungen oder Inhalte, die von oder zwischen dem Benutzer oder Dritten innerhalb oder au\u00dferhalb dieser Website \u00fcbertragen werden.<\/p>\n\n\n\n<p><strong>7. Haftung, Nutzung und Risiko<\/strong><\/p>\n\n\n\n<p>7.1. Die Nutzung dieser Website und der darin enthaltenen Inhalte erfolgt auf eigene Gefahr.<\/p>\n\n\n\n<p>7.2. Aspazores &#8211; Investimentos, Unipessoal Lda und alle ihre gesetzlichen Vertreter, Direktoren, Mitarbeiter und Vertreter sowie jede andere Partei, die an der Erstellung, Produktion, Wartung oder Implementierung dieser Website beteiligt ist, haftet gegen\u00fcber keinem Benutzer der Website, f\u00fcr alle m\u00f6glichen Sch\u00e4den, Verletzungen oder Verletzungen (einschlie\u00dflich entgangener Gewinne und moralischer Sch\u00e4den, indirekter, zuf\u00e4lliger oder Folgesch\u00e4den), die sich aus der korrekten oder falschen Nutzung dieser Website und ihrer Inhalte, dem Zugriff Dritter auf Ihren Computer oder Ihr Computersystem ergeben, Viren usw.<\/p>\n\n\n\n<p>Diese Website enth\u00e4lt Links zu Websites Dritter. Diese Links dienen ausschlie\u00dflich Ihrer Bequemlichkeit und Zug\u00e4nglichkeit. Wir unterst\u00fctzen den Inhalt dieser Websites Dritter nicht und sind nicht f\u00fcr den Inhalt solcher Websites verantwortlich. Der Zugriff und Besuch dieser Websites Dritter erfolgt auf eigene Gefahr.<\/p>\n\n\n\n<p><strong>8. Gerichtsstand und anwendbares Recht<\/strong><\/p>\n\n\n\n<p>Aspazores &#8211; Investimentos, Unipessoal Lda und der Benutzer dieser Website akzeptieren vorbehaltlos, dass alle Streitigkeiten oder Streitigkeiten, die sich aus der Nutzung dieser Website ergeben, dem portugiesischen Recht unterliegen.<\/p>\n\n\n\n<p>Letzte Aktualisierung am: 31\/05\/2022<\/p>\n","protected":false},"excerpt":{"rendered":"<p>1. Allgemeinen Gesch\u00e4ftsbedingungen 1.1. Die Firma Aspazores &#8211; Investimentos, Unipessoal Lda, mit Sitz Padre Jos\u00e9 Machado Barcelos, N.\u00ba 41 9500-725 Ponta Delgada, juristische Person n. 516596640,<span class=\"excerpt-hellip\"> [\u2026]<\/span><\/p>\n","protected":false},"author":1,"featured_media":0,"parent":0,"menu_order":0,"comment_status":"closed","ping_status":"closed","template":"","meta":{"_joinchat":[],"footnotes":""},"class_list":["post-1331","page","type-page","status-publish","hentry"],"acf":[],"yoast_head":"<!-- This site is optimized with the Yoast SEO plugin v19.2 - https:\/\/yoast.com\/wordpress\/plugins\/seo\/ -->\n<title>Allgemeinen Gesch\u00e4ftsbedingungen - Aspazores<\/title>\n<meta name=\"description\" content=\"Por favor, leia os nossos termos e condi\u00e7\u00f5es antes de utilizar o nosso website. Na Aspazores respeitamos a sua privacidade.\" \/>\n<meta name=\"robots\" content=\"index, follow, max-snippet:-1, max-image-preview:large, max-video-preview:-1\" \/>\n<link rel=\"canonical\" href=\"http:\/\/aspazores.pt\/de\/termos-e-condicoes\/\" \/>\n<meta property=\"og:locale\" content=\"de_DE\" \/>\n<meta property=\"og:type\" content=\"article\" \/>\n<meta property=\"og:title\" content=\"Allgemeinen Gesch\u00e4ftsbedingungen - Aspazores\" \/>\n<meta property=\"og:description\" content=\"Por favor, leia os nossos termos e condi\u00e7\u00f5es antes de utilizar o nosso website. Na Aspazores respeitamos a sua privacidade.\" \/>\n<meta property=\"og:url\" content=\"http:\/\/aspazores.pt\/de\/termos-e-condicoes\/\" \/>\n<meta property=\"og:site_name\" content=\"Aspazores\" \/>\n<meta property=\"article:modified_time\" content=\"2022-11-30T11:40:25+00:00\" \/>\n<meta name=\"author\" content=\"Administrador\" \/>\n<meta name=\"twitter:card\" content=\"summary_large_image\" \/>\n<meta name=\"twitter:label1\" content=\"Gesch\u00e4tzte Lesezeit\" \/>\n\t<meta name=\"twitter:data1\" content=\"8\u00a0Minuten\" \/>\n<script type=\"application\/ld+json\" class=\"yoast-schema-graph\">{\"@context\":\"https:\/\/schema.org\",\"@graph\":[{\"@type\":\"WebSite\",\"@id\":\"http:\/\/aspazores.pt\/it\/#website\",\"url\":\"http:\/\/aspazores.pt\/it\/\",\"name\":\"Aspazores\",\"description\":\"\",\"potentialAction\":[{\"@type\":\"SearchAction\",\"target\":{\"@type\":\"EntryPoint\",\"urlTemplate\":\"http:\/\/aspazores.pt\/it\/?s={search_term_string}\"},\"query-input\":\"required name=search_term_string\"}],\"inLanguage\":\"de\"},{\"@type\":\"WebPage\",\"@id\":\"http:\/\/aspazores.pt\/de\/termos-e-condicoes\/#webpage\",\"url\":\"http:\/\/aspazores.pt\/de\/termos-e-condicoes\/\",\"name\":\"Allgemeinen Gesch\u00e4ftsbedingungen - Aspazores\",\"isPartOf\":{\"@id\":\"http:\/\/aspazores.pt\/it\/#website\"},\"datePublished\":\"2022-07-05T19:31:17+00:00\",\"dateModified\":\"2022-11-30T11:40:25+00:00\",\"description\":\"Por favor, leia os nossos termos e condi\u00e7\u00f5es antes de utilizar o nosso website. Na Aspazores respeitamos a sua privacidade.\",\"breadcrumb\":{\"@id\":\"http:\/\/aspazores.pt\/de\/termos-e-condicoes\/#breadcrumb\"},\"inLanguage\":\"de\",\"potentialAction\":[{\"@type\":\"ReadAction\",\"target\":[\"http:\/\/aspazores.pt\/de\/termos-e-condicoes\/\"]}]},{\"@type\":\"BreadcrumbList\",\"@id\":\"http:\/\/aspazores.pt\/de\/termos-e-condicoes\/#breadcrumb\",\"itemListElement\":[{\"@type\":\"ListItem\",\"position\":1,\"name\":\"In\u00edcio\",\"item\":\"http:\/\/aspazores.pt\/de\/\"},{\"@type\":\"ListItem\",\"position\":2,\"name\":\"Allgemeinen Gesch\u00e4ftsbedingungen\"}]}]}<\/script>\n<!-- \/ Yoast SEO plugin. -->","yoast_head_json":{"title":"Allgemeinen Gesch\u00e4ftsbedingungen - Aspazores","description":"Por favor, leia os nossos termos e condi\u00e7\u00f5es antes de utilizar o nosso website. Na Aspazores respeitamos a sua privacidade.","robots":{"index":"index","follow":"follow","max-snippet":"max-snippet:-1","max-image-preview":"max-image-preview:large","max-video-preview":"max-video-preview:-1"},"canonical":"http:\/\/aspazores.pt\/de\/termos-e-condicoes\/","og_locale":"de_DE","og_type":"article","og_title":"Allgemeinen Gesch\u00e4ftsbedingungen - Aspazores","og_description":"Por favor, leia os nossos termos e condi\u00e7\u00f5es antes de utilizar o nosso website. Na Aspazores respeitamos a sua privacidade.","og_url":"http:\/\/aspazores.pt\/de\/termos-e-condicoes\/","og_site_name":"Aspazores","article_modified_time":"2022-11-30T11:40:25+00:00","author":"Administrador","twitter_card":"summary_large_image","twitter_misc":{"Gesch\u00e4tzte Lesezeit":"8\u00a0Minuten"},"schema":{"@context":"https:\/\/schema.org","@graph":[{"@type":"WebSite","@id":"http:\/\/aspazores.pt\/it\/#website","url":"http:\/\/aspazores.pt\/it\/","name":"Aspazores","description":"","potentialAction":[{"@type":"SearchAction","target":{"@type":"EntryPoint","urlTemplate":"http:\/\/aspazores.pt\/it\/?s={search_term_string}"},"query-input":"required name=search_term_string"}],"inLanguage":"de"},{"@type":"WebPage","@id":"http:\/\/aspazores.pt\/de\/termos-e-condicoes\/#webpage","url":"http:\/\/aspazores.pt\/de\/termos-e-condicoes\/","name":"Allgemeinen Gesch\u00e4ftsbedingungen - Aspazores","isPartOf":{"@id":"http:\/\/aspazores.pt\/it\/#website"},"datePublished":"2022-07-05T19:31:17+00:00","dateModified":"2022-11-30T11:40:25+00:00","description":"Por favor, leia os nossos termos e condi\u00e7\u00f5es antes de utilizar o nosso website. Na Aspazores respeitamos a sua privacidade.","breadcrumb":{"@id":"http:\/\/aspazores.pt\/de\/termos-e-condicoes\/#breadcrumb"},"inLanguage":"de","potentialAction":[{"@type":"ReadAction","target":["http:\/\/aspazores.pt\/de\/termos-e-condicoes\/"]}]},{"@type":"BreadcrumbList","@id":"http:\/\/aspazores.pt\/de\/termos-e-condicoes\/#breadcrumb","itemListElement":[{"@type":"ListItem","position":1,"name":"In\u00edcio","item":"http:\/\/aspazores.pt\/de\/"},{"@type":"ListItem","position":2,"name":"Allgemeinen Gesch\u00e4ftsbedingungen"}]}]}},"_links":{"self":[{"href":"http:\/\/aspazores.pt\/de\/wp-json\/wp\/v2\/pages\/1331","targetHints":{"allow":["GET"]}}],"collection":[{"href":"http:\/\/aspazores.pt\/de\/wp-json\/wp\/v2\/pages"}],"about":[{"href":"http:\/\/aspazores.pt\/de\/wp-json\/wp\/v2\/types\/page"}],"author":[{"embeddable":true,"href":"http:\/\/aspazores.pt\/de\/wp-json\/wp\/v2\/users\/1"}],"replies":[{"embeddable":true,"href":"http:\/\/aspazores.pt\/de\/wp-json\/wp\/v2\/comments?post=1331"}],"version-history":[{"count":1,"href":"http:\/\/aspazores.pt\/de\/wp-json\/wp\/v2\/pages\/1331\/revisions"}],"predecessor-version":[{"id":1519,"href":"http:\/\/aspazores.pt\/de\/wp-json\/wp\/v2\/pages\/1331\/revisions\/1519"}],"wp:attachment":[{"href":"http:\/\/aspazores.pt\/de\/wp-json\/wp\/v2\/media?parent=1331"}],"curies":[{"name":"wp","href":"https:\/\/api.w.org\/{rel}","templated":true}]}}