{"id":422,"date":"2022-07-12T22:00:33","date_gmt":"2022-07-12T22:00:33","guid":{"rendered":"https:\/\/aspazores.pt\/mot-de-passe-oublie\/"},"modified":"2022-07-12T22:00:33","modified_gmt":"2022-07-12T22:00:33","slug":"mot-de-passe-oublie","status":"publish","type":"page","link":"http:\/\/aspazores.pt\/fr\/mot-de-passe-oublie\/","title":{"rendered":"Mot de passe oubli\u00e9?"},"content":{"rendered":"<div class=\"uwp-forgot-class bsui sdel-dcccbc9f\" ><div class=\"uwp_widgets uwp_widget_forgot\"><div class=\"uwp_page\"><div class=\"uwp-content-wrap\">\n    <div class=\"uwp-login\">\n        <div class=\"uwp-lf-icon\"><i class=\"fas fa-user fa-fw\"><\/i><\/div>\n                <h2>\n            Mot de passe oubli\u00e9?        <\/h2>\n                <form class=\"uwp-login-form uwp_form\" method=\"post\">\n            \t\t\t\t<div id=\"email_row\"\n\t\t\t\t     class=\"required_field uwp_form_email_row uwp_clear \">\n\n\t\t\t\t\t\t\t\t\t\t\t<label class=\"\">\n\t\t\t\t\t\t\tE-mail\t\t\t\t\t\t\t<span>*<\/span>\t\t\t\t\t\t<\/label>\n\t\t\t\t\t\n\t\t\t\t\t<input name=\"email\"\n\t\t\t\t\t       class=\" uwp_textfield \"\n\t\t\t\t\t       id=\"email\"\n\t\t\t\t\t       placeholder=\"E-mail *\"\n\t\t\t\t\t       value=\"\"\n\t\t\t\t\t       title=\"E-mail\"\n\t\t\t\t\t\trequired=\"required\"\t\t\t\t\t\t   type=\"email\"\n\t\t\t\t\t\/>\n\t\t\t\t\t<span class=\"uwp_message_note\"><\/span>\n\t\t\t\t\t\t\t\t\t\t\t<span class=\"uwp_message_error invalid-feedback\"><\/span>\n\t\t\t\t\t\t\t\t\t<\/div>\n\n\n\t\t\t\t<input type=\"hidden\" name=\"uwp_forgot_nonce\" value=\"261822110b\" \/>            <input name=\"uwp_forgot_submit\" value=\"Soumettre\" type=\"submit\"><br>\n        <\/form>\n        <div class=\"uwp-footer-link uwp-forgotpsw\">D\u00e9j\u00e0 membre? <a rel=\"nofollow\" href=\"http:\/\/aspazores.pt\/fr\/connexion\/\">Connectez-vous ici<\/a><\/div>\n        <div class=\"clfx\"><\/div>\n        <div class=\"uwp-footer-link uwp-register-now\">Pas un membre? <a rel=\"nofollow\" href=\"http:\/\/aspazores.pt\/fr\/inscrire\/\">Cr\u00e9er un compte<\/a><\/div>\n    <\/div>\n<\/div>\n<\/div><\/div><\/div>\n","protected":false},"excerpt":{"rendered":"Mot de passe oubli\u00e9? E-mail * D\u00e9j\u00e0 membre? Connectez-vous ici Pas un membre? Cr\u00e9er un compte","protected":false},"author":1,"featured_media":0,"parent":0,"menu_order":0,"comment_status":"closed","ping_status":"closed","template":"","meta":{"_joinchat":[],"footnotes":""},"class_list":["post-422","page","type-page","status-publish","hentry"],"acf":[],"yoast_head":"<!-- This site is optimized with the Yoast SEO plugin v19.2 - https:\/\/yoast.com\/wordpress\/plugins\/seo\/ -->\n<title>Mot de passe oubli\u00e9? - Aspazores<\/title>\n<meta name=\"robots\" content=\"index, follow, max-snippet:-1, max-image-preview:large, max-video-preview:-1\" \/>\n<link rel=\"canonical\" href=\"http:\/\/aspazores.pt\/fr\/mot-de-passe-oublie\/\" \/>\n<meta property=\"og:locale\" content=\"fr_FR\" \/>\n<meta property=\"og:type\" content=\"article\" \/>\n<meta property=\"og:title\" content=\"Mot de passe oubli\u00e9? - Aspazores\" \/>\n<meta property=\"og:url\" content=\"http:\/\/aspazores.pt\/fr\/mot-de-passe-oublie\/\" \/>\n<meta property=\"og:site_name\" content=\"Aspazores\" \/>\n<meta name=\"author\" content=\"Administrador\" \/>\n<meta name=\"twitter:card\" content=\"summary_large_image\" \/>\n<script type=\"application\/ld+json\" class=\"yoast-schema-graph\">{\"@context\":\"https:\/\/schema.org\",\"@graph\":[{\"@type\":\"WebSite\",\"@id\":\"http:\/\/aspazores.pt\/it\/#website\",\"url\":\"http:\/\/aspazores.pt\/it\/\",\"name\":\"Aspazores\",\"description\":\"\",\"potentialAction\":[{\"@type\":\"SearchAction\",\"target\":{\"@type\":\"EntryPoint\",\"urlTemplate\":\"http:\/\/aspazores.pt\/it\/?s={search_term_string}\"},\"query-input\":\"required name=search_term_string\"}],\"inLanguage\":\"fr-FR\"},{\"@type\":\"WebPage\",\"@id\":\"http:\/\/aspazores.pt\/fr\/mot-de-passe-oublie\/#webpage\",\"url\":\"http:\/\/aspazores.pt\/fr\/mot-de-passe-oublie\/\",\"name\":\"Mot de passe oubli\u00e9? - Aspazores\",\"isPartOf\":{\"@id\":\"http:\/\/aspazores.pt\/it\/#website\"},\"datePublished\":\"2022-07-12T22:00:33+00:00\",\"dateModified\":\"2022-07-12T22:00:33+00:00\",\"breadcrumb\":{\"@id\":\"http:\/\/aspazores.pt\/fr\/mot-de-passe-oublie\/#breadcrumb\"},\"inLanguage\":\"fr-FR\",\"potentialAction\":[{\"@type\":\"ReadAction\",\"target\":[\"http:\/\/aspazores.pt\/fr\/mot-de-passe-oublie\/\"]}]},{\"@type\":\"BreadcrumbList\",\"@id\":\"http:\/\/aspazores.pt\/fr\/mot-de-passe-oublie\/#breadcrumb\",\"itemListElement\":[{\"@type\":\"ListItem\",\"position\":1,\"name\":\"In\u00edcio\",\"item\":\"http:\/\/aspazores.pt\/fr\/\"},{\"@type\":\"ListItem\",\"position\":2,\"name\":\"Mot de passe oubli\u00e9?\"}]}]}<\/script>\n<!-- \/ Yoast SEO plugin. -->","yoast_head_json":{"title":"Mot de passe oubli\u00e9? - Aspazores","robots":{"index":"index","follow":"follow","max-snippet":"max-snippet:-1","max-image-preview":"max-image-preview:large","max-video-preview":"max-video-preview:-1"},"canonical":"http:\/\/aspazores.pt\/fr\/mot-de-passe-oublie\/","og_locale":"fr_FR","og_type":"article","og_title":"Mot de passe oubli\u00e9? - Aspazores","og_url":"http:\/\/aspazores.pt\/fr\/mot-de-passe-oublie\/","og_site_name":"Aspazores","author":"Administrador","twitter_card":"summary_large_image","schema":{"@context":"https:\/\/schema.org","@graph":[{"@type":"WebSite","@id":"http:\/\/aspazores.pt\/it\/#website","url":"http:\/\/aspazores.pt\/it\/","name":"Aspazores","description":"","potentialAction":[{"@type":"SearchAction","target":{"@type":"EntryPoint","urlTemplate":"http:\/\/aspazores.pt\/it\/?s={search_term_string}"},"query-input":"required name=search_term_string"}],"inLanguage":"fr-FR"},{"@type":"WebPage","@id":"http:\/\/aspazores.pt\/fr\/mot-de-passe-oublie\/#webpage","url":"http:\/\/aspazores.pt\/fr\/mot-de-passe-oublie\/","name":"Mot de passe oubli\u00e9? - Aspazores","isPartOf":{"@id":"http:\/\/aspazores.pt\/it\/#website"},"datePublished":"2022-07-12T22:00:33+00:00","dateModified":"2022-07-12T22:00:33+00:00","breadcrumb":{"@id":"http:\/\/aspazores.pt\/fr\/mot-de-passe-oublie\/#breadcrumb"},"inLanguage":"fr-FR","potentialAction":[{"@type":"ReadAction","target":["http:\/\/aspazores.pt\/fr\/mot-de-passe-oublie\/"]}]},{"@type":"BreadcrumbList","@id":"http:\/\/aspazores.pt\/fr\/mot-de-passe-oublie\/#breadcrumb","itemListElement":[{"@type":"ListItem","position":1,"name":"In\u00edcio","item":"http:\/\/aspazores.pt\/fr\/"},{"@type":"ListItem","position":2,"name":"Mot de passe oubli\u00e9?"}]}]}},"_links":{"self":[{"href":"http:\/\/aspazores.pt\/fr\/wp-json\/wp\/v2\/pages\/422","targetHints":{"allow":["GET"]}}],"collection":[{"href":"http:\/\/aspazores.pt\/fr\/wp-json\/wp\/v2\/pages"}],"about":[{"href":"http:\/\/aspazores.pt\/fr\/wp-json\/wp\/v2\/types\/page"}],"author":[{"embeddable":true,"href":"http:\/\/aspazores.pt\/fr\/wp-json\/wp\/v2\/users\/1"}],"replies":[{"embeddable":true,"href":"http:\/\/aspazores.pt\/fr\/wp-json\/wp\/v2\/comments?post=422"}],"version-history":[{"count":0,"href":"http:\/\/aspazores.pt\/fr\/wp-json\/wp\/v2\/pages\/422\/revisions"}],"wp:attachment":[{"href":"http:\/\/aspazores.pt\/fr\/wp-json\/wp\/v2\/media?parent=422"}],"curies":[{"name":"wp","href":"https:\/\/api.w.org\/{rel}","templated":true}]}}