{"id":424,"date":"2021-06-25T07:18:14","date_gmt":"2021-06-25T07:18:14","guid":{"rendered":"https:\/\/aspazores.pt\/home\/"},"modified":"2022-11-29T12:46:10","modified_gmt":"2022-11-29T12:46:10","slug":"home","status":"publish","type":"page","link":"http:\/\/aspazores.pt\/fr\/","title":{"rendered":"Home"},"content":{"rendered":"","protected":false},"excerpt":{"rendered":"","protected":false},"author":1,"featured_media":0,"parent":0,"menu_order":0,"comment_status":"closed","ping_status":"closed","template":"","meta":{"_joinchat":[],"footnotes":""},"class_list":["post-424","page","type-page","status-publish","hentry"],"acf":[],"yoast_head":"<!-- This site is optimized with the Yoast SEO plugin v19.2 - https:\/\/yoast.com\/wordpress\/plugins\/seo\/ -->\n<title>Investissement Immobilier - Services De M\u00e9diation Immobili\u00e8re<\/title>\n<meta name=\"description\" content=\"Dans Aspazores, nous d\u00e9veloppons votre entreprise dans les services\/actions de conseil et de m\u00e9diation immobili\u00e8re.\" \/>\n<meta name=\"robots\" content=\"index, follow, max-snippet:-1, max-image-preview:large, max-video-preview:-1\" \/>\n<link rel=\"canonical\" href=\"http:\/\/aspazores.pt\/fr\/\" \/>\n<meta property=\"og:locale\" content=\"fr_FR\" \/>\n<meta property=\"og:type\" content=\"article\" \/>\n<meta property=\"og:title\" content=\"Investissement Immobilier - Services De M\u00e9diation Immobili\u00e8re\" \/>\n<meta property=\"og:description\" content=\"Dans Aspazores, nous d\u00e9veloppons votre entreprise dans les services\/actions de conseil et de m\u00e9diation immobili\u00e8re.\" \/>\n<meta property=\"og:url\" content=\"http:\/\/aspazores.pt\/fr\/\" \/>\n<meta property=\"og:site_name\" content=\"Aspazores\" \/>\n<meta property=\"article:modified_time\" content=\"2022-11-29T12:46:10+00:00\" \/>\n<meta name=\"author\" content=\"Administrador\" \/>\n<meta name=\"twitter:card\" content=\"summary_large_image\" \/>\n<script type=\"application\/ld+json\" class=\"yoast-schema-graph\">{\"@context\":\"https:\/\/schema.org\",\"@graph\":[{\"@type\":\"WebSite\",\"@id\":\"http:\/\/aspazores.pt\/it\/#website\",\"url\":\"http:\/\/aspazores.pt\/it\/\",\"name\":\"Aspazores\",\"description\":\"\",\"potentialAction\":[{\"@type\":\"SearchAction\",\"target\":{\"@type\":\"EntryPoint\",\"urlTemplate\":\"http:\/\/aspazores.pt\/it\/?s={search_term_string}\"},\"query-input\":\"required name=search_term_string\"}],\"inLanguage\":\"fr-FR\"},{\"@type\":\"WebPage\",\"@id\":\"http:\/\/aspazores.pt\/fr\/#webpage\",\"url\":\"http:\/\/aspazores.pt\/fr\/\",\"name\":\"Investissement Immobilier - Services De M\u00e9diation Immobili\u00e8re\",\"isPartOf\":{\"@id\":\"http:\/\/aspazores.pt\/it\/#website\"},\"datePublished\":\"2021-06-25T07:18:14+00:00\",\"dateModified\":\"2022-11-29T12:46:10+00:00\",\"description\":\"Dans Aspazores, nous d\u00e9veloppons votre entreprise dans les services\/actions de conseil et de m\u00e9diation immobili\u00e8re.\",\"breadcrumb\":{\"@id\":\"http:\/\/aspazores.pt\/fr\/#breadcrumb\"},\"inLanguage\":\"fr-FR\",\"potentialAction\":[{\"@type\":\"ReadAction\",\"target\":[\"http:\/\/aspazores.pt\/fr\/\"]}]},{\"@type\":\"BreadcrumbList\",\"@id\":\"http:\/\/aspazores.pt\/fr\/#breadcrumb\",\"itemListElement\":[{\"@type\":\"ListItem\",\"position\":1,\"name\":\"In\u00edcio\",\"item\":\"http:\/\/aspazores.pt\/fr\/\"},{\"@type\":\"ListItem\",\"position\":2,\"name\":\"Home\"}]}]}<\/script>\n<!-- \/ Yoast SEO plugin. -->","yoast_head_json":{"title":"Investissement Immobilier - Services De M\u00e9diation Immobili\u00e8re","description":"Dans Aspazores, nous d\u00e9veloppons votre entreprise dans les services\/actions de conseil et de m\u00e9diation immobili\u00e8re.","robots":{"index":"index","follow":"follow","max-snippet":"max-snippet:-1","max-image-preview":"max-image-preview:large","max-video-preview":"max-video-preview:-1"},"canonical":"http:\/\/aspazores.pt\/fr\/","og_locale":"fr_FR","og_type":"article","og_title":"Investissement Immobilier - Services De M\u00e9diation Immobili\u00e8re","og_description":"Dans Aspazores, nous d\u00e9veloppons votre entreprise dans les services\/actions de conseil et de m\u00e9diation immobili\u00e8re.","og_url":"http:\/\/aspazores.pt\/fr\/","og_site_name":"Aspazores","article_modified_time":"2022-11-29T12:46:10+00:00","author":"Administrador","twitter_card":"summary_large_image","schema":{"@context":"https:\/\/schema.org","@graph":[{"@type":"WebSite","@id":"http:\/\/aspazores.pt\/it\/#website","url":"http:\/\/aspazores.pt\/it\/","name":"Aspazores","description":"","potentialAction":[{"@type":"SearchAction","target":{"@type":"EntryPoint","urlTemplate":"http:\/\/aspazores.pt\/it\/?s={search_term_string}"},"query-input":"required name=search_term_string"}],"inLanguage":"fr-FR"},{"@type":"WebPage","@id":"http:\/\/aspazores.pt\/fr\/#webpage","url":"http:\/\/aspazores.pt\/fr\/","name":"Investissement Immobilier - Services De M\u00e9diation Immobili\u00e8re","isPartOf":{"@id":"http:\/\/aspazores.pt\/it\/#website"},"datePublished":"2021-06-25T07:18:14+00:00","dateModified":"2022-11-29T12:46:10+00:00","description":"Dans Aspazores, nous d\u00e9veloppons votre entreprise dans les services\/actions de conseil et de m\u00e9diation immobili\u00e8re.","breadcrumb":{"@id":"http:\/\/aspazores.pt\/fr\/#breadcrumb"},"inLanguage":"fr-FR","potentialAction":[{"@type":"ReadAction","target":["http:\/\/aspazores.pt\/fr\/"]}]},{"@type":"BreadcrumbList","@id":"http:\/\/aspazores.pt\/fr\/#breadcrumb","itemListElement":[{"@type":"ListItem","position":1,"name":"In\u00edcio","item":"http:\/\/aspazores.pt\/fr\/"},{"@type":"ListItem","position":2,"name":"Home"}]}]}},"_links":{"self":[{"href":"http:\/\/aspazores.pt\/fr\/wp-json\/wp\/v2\/pages\/424","targetHints":{"allow":["GET"]}}],"collection":[{"href":"http:\/\/aspazores.pt\/fr\/wp-json\/wp\/v2\/pages"}],"about":[{"href":"http:\/\/aspazores.pt\/fr\/wp-json\/wp\/v2\/types\/page"}],"author":[{"embeddable":true,"href":"http:\/\/aspazores.pt\/fr\/wp-json\/wp\/v2\/users\/1"}],"replies":[{"embeddable":true,"href":"http:\/\/aspazores.pt\/fr\/wp-json\/wp\/v2\/comments?post=424"}],"version-history":[{"count":1,"href":"http:\/\/aspazores.pt\/fr\/wp-json\/wp\/v2\/pages\/424\/revisions"}],"predecessor-version":[{"id":526,"href":"http:\/\/aspazores.pt\/fr\/wp-json\/wp\/v2\/pages\/424\/revisions\/526"}],"wp:attachment":[{"href":"http:\/\/aspazores.pt\/fr\/wp-json\/wp\/v2\/media?parent=424"}],"curies":[{"name":"wp","href":"https:\/\/api.w.org\/{rel}","templated":true}]}}