{"id":1312,"date":"2021-06-28T12:03:59","date_gmt":"2021-06-28T12:03:59","guid":{"rendered":"https:\/\/aspazores.pt\/contactos\/"},"modified":"2022-11-30T10:46:59","modified_gmt":"2022-11-30T10:46:59","slug":"contactos","status":"publish","type":"page","link":"http:\/\/aspazores.pt\/it\/contactos\/","title":{"rendered":"Contatti"},"content":{"rendered":"","protected":false},"excerpt":{"rendered":"","protected":false},"author":1,"featured_media":0,"parent":0,"menu_order":0,"comment_status":"closed","ping_status":"closed","template":"","meta":{"_joinchat":[],"footnotes":""},"class_list":["post-1312","page","type-page","status-publish","hentry"],"acf":[],"yoast_head":"<!-- This site is optimized with the Yoast SEO plugin v19.2 - https:\/\/yoast.com\/wordpress\/plugins\/seo\/ -->\n<title>Aspazores | Servi\u00e7os de Consultoria e de Media\u00e7\u00e3o Imobili\u00e1ria<\/title>\n<meta name=\"description\" content=\"Na Aspazores Desenvolvemos o seu neg\u00f3cio nos servi\u00e7os\/a\u00e7\u00f5es de consultoria e de media\u00e7\u00e3o imobili\u00e1ria. Fale connosco!\" \/>\n<meta name=\"robots\" content=\"index, follow, max-snippet:-1, max-image-preview:large, max-video-preview:-1\" \/>\n<link rel=\"canonical\" href=\"http:\/\/aspazores.pt\/it\/contactos\/\" \/>\n<meta property=\"og:locale\" content=\"it_IT\" \/>\n<meta property=\"og:type\" content=\"article\" \/>\n<meta property=\"og:title\" content=\"Aspazores | Servi\u00e7os de Consultoria e de Media\u00e7\u00e3o Imobili\u00e1ria\" \/>\n<meta property=\"og:description\" content=\"Na Aspazores Desenvolvemos o seu neg\u00f3cio nos servi\u00e7os\/a\u00e7\u00f5es de consultoria e de media\u00e7\u00e3o imobili\u00e1ria. Fale connosco!\" \/>\n<meta property=\"og:url\" content=\"http:\/\/aspazores.pt\/it\/contactos\/\" \/>\n<meta property=\"og:site_name\" content=\"Aspazores\" \/>\n<meta property=\"article:modified_time\" content=\"2022-11-30T10:46:59+00:00\" \/>\n<meta name=\"author\" content=\"Administrador\" \/>\n<meta name=\"twitter:card\" content=\"summary_large_image\" \/>\n<script type=\"application\/ld+json\" class=\"yoast-schema-graph\">{\"@context\":\"https:\/\/schema.org\",\"@graph\":[{\"@type\":\"WebSite\",\"@id\":\"http:\/\/aspazores.pt\/it\/#website\",\"url\":\"http:\/\/aspazores.pt\/it\/\",\"name\":\"Aspazores\",\"description\":\"\",\"potentialAction\":[{\"@type\":\"SearchAction\",\"target\":{\"@type\":\"EntryPoint\",\"urlTemplate\":\"http:\/\/aspazores.pt\/it\/?s={search_term_string}\"},\"query-input\":\"required name=search_term_string\"}],\"inLanguage\":\"it-IT\"},{\"@type\":\"WebPage\",\"@id\":\"http:\/\/aspazores.pt\/it\/contactos\/#webpage\",\"url\":\"http:\/\/aspazores.pt\/it\/contactos\/\",\"name\":\"Aspazores | Servi\u00e7os de Consultoria e de Media\u00e7\u00e3o Imobili\u00e1ria\",\"isPartOf\":{\"@id\":\"http:\/\/aspazores.pt\/it\/#website\"},\"datePublished\":\"2021-06-28T12:03:59+00:00\",\"dateModified\":\"2022-11-30T10:46:59+00:00\",\"description\":\"Na Aspazores Desenvolvemos o seu neg\u00f3cio nos servi\u00e7os\/a\u00e7\u00f5es de consultoria e de media\u00e7\u00e3o imobili\u00e1ria. Fale connosco!\",\"breadcrumb\":{\"@id\":\"http:\/\/aspazores.pt\/it\/contactos\/#breadcrumb\"},\"inLanguage\":\"it-IT\",\"potentialAction\":[{\"@type\":\"ReadAction\",\"target\":[\"http:\/\/aspazores.pt\/it\/contactos\/\"]}]},{\"@type\":\"BreadcrumbList\",\"@id\":\"http:\/\/aspazores.pt\/it\/contactos\/#breadcrumb\",\"itemListElement\":[{\"@type\":\"ListItem\",\"position\":1,\"name\":\"In\u00edcio\",\"item\":\"http:\/\/aspazores.pt\/it\/\"},{\"@type\":\"ListItem\",\"position\":2,\"name\":\"Contatti\"}]}]}<\/script>\n<!-- \/ Yoast SEO plugin. -->","yoast_head_json":{"title":"Aspazores | Servi\u00e7os de Consultoria e de Media\u00e7\u00e3o Imobili\u00e1ria","description":"Na Aspazores Desenvolvemos o seu neg\u00f3cio nos servi\u00e7os\/a\u00e7\u00f5es de consultoria e de media\u00e7\u00e3o imobili\u00e1ria. Fale connosco!","robots":{"index":"index","follow":"follow","max-snippet":"max-snippet:-1","max-image-preview":"max-image-preview:large","max-video-preview":"max-video-preview:-1"},"canonical":"http:\/\/aspazores.pt\/it\/contactos\/","og_locale":"it_IT","og_type":"article","og_title":"Aspazores | Servi\u00e7os de Consultoria e de Media\u00e7\u00e3o Imobili\u00e1ria","og_description":"Na Aspazores Desenvolvemos o seu neg\u00f3cio nos servi\u00e7os\/a\u00e7\u00f5es de consultoria e de media\u00e7\u00e3o imobili\u00e1ria. Fale connosco!","og_url":"http:\/\/aspazores.pt\/it\/contactos\/","og_site_name":"Aspazores","article_modified_time":"2022-11-30T10:46:59+00:00","author":"Administrador","twitter_card":"summary_large_image","schema":{"@context":"https:\/\/schema.org","@graph":[{"@type":"WebSite","@id":"http:\/\/aspazores.pt\/it\/#website","url":"http:\/\/aspazores.pt\/it\/","name":"Aspazores","description":"","potentialAction":[{"@type":"SearchAction","target":{"@type":"EntryPoint","urlTemplate":"http:\/\/aspazores.pt\/it\/?s={search_term_string}"},"query-input":"required name=search_term_string"}],"inLanguage":"it-IT"},{"@type":"WebPage","@id":"http:\/\/aspazores.pt\/it\/contactos\/#webpage","url":"http:\/\/aspazores.pt\/it\/contactos\/","name":"Aspazores | Servi\u00e7os de Consultoria e de Media\u00e7\u00e3o Imobili\u00e1ria","isPartOf":{"@id":"http:\/\/aspazores.pt\/it\/#website"},"datePublished":"2021-06-28T12:03:59+00:00","dateModified":"2022-11-30T10:46:59+00:00","description":"Na Aspazores Desenvolvemos o seu neg\u00f3cio nos servi\u00e7os\/a\u00e7\u00f5es de consultoria e de media\u00e7\u00e3o imobili\u00e1ria. Fale connosco!","breadcrumb":{"@id":"http:\/\/aspazores.pt\/it\/contactos\/#breadcrumb"},"inLanguage":"it-IT","potentialAction":[{"@type":"ReadAction","target":["http:\/\/aspazores.pt\/it\/contactos\/"]}]},{"@type":"BreadcrumbList","@id":"http:\/\/aspazores.pt\/it\/contactos\/#breadcrumb","itemListElement":[{"@type":"ListItem","position":1,"name":"In\u00edcio","item":"http:\/\/aspazores.pt\/it\/"},{"@type":"ListItem","position":2,"name":"Contatti"}]}]}},"_links":{"self":[{"href":"http:\/\/aspazores.pt\/it\/wp-json\/wp\/v2\/pages\/1312","targetHints":{"allow":["GET"]}}],"collection":[{"href":"http:\/\/aspazores.pt\/it\/wp-json\/wp\/v2\/pages"}],"about":[{"href":"http:\/\/aspazores.pt\/it\/wp-json\/wp\/v2\/types\/page"}],"author":[{"embeddable":true,"href":"http:\/\/aspazores.pt\/it\/wp-json\/wp\/v2\/users\/1"}],"replies":[{"embeddable":true,"href":"http:\/\/aspazores.pt\/it\/wp-json\/wp\/v2\/comments?post=1312"}],"version-history":[{"count":1,"href":"http:\/\/aspazores.pt\/it\/wp-json\/wp\/v2\/pages\/1312\/revisions"}],"predecessor-version":[{"id":1505,"href":"http:\/\/aspazores.pt\/it\/wp-json\/wp\/v2\/pages\/1312\/revisions\/1505"}],"wp:attachment":[{"href":"http:\/\/aspazores.pt\/it\/wp-json\/wp\/v2\/media?parent=1312"}],"curies":[{"name":"wp","href":"https:\/\/api.w.org\/{rel}","templated":true}]}}