{"id":1324,"date":"2021-06-14T11:27:39","date_gmt":"2021-06-14T11:27:39","guid":{"rendered":"https:\/\/aspazores.pt\/politica-privacidade\/"},"modified":"2022-11-29T16:31:29","modified_gmt":"2022-11-29T16:31:29","slug":"politica-privacidade","status":"publish","type":"page","link":"http:\/\/aspazores.pt\/it\/politica-privacidade\/","title":{"rendered":"Politica sulla privacy"},"content":{"rendered":"\n<p><strong>GDPR &#8211; Regime generale di protezione dei dati<br><\/strong>Informativa sulla privacy | Condizioni di utilizzo &amp;; Use<\/p>\n\n\n\n<p><strong>DICHIARAZIONE E CONSENSO <\/strong>\u00e0 <strong>POLITICA SULLA PRIVACY<\/strong><\/p>\n\n\n\n<p>Accettando la presente Informativa sulla Privacy, autorizzi Aspazores &#8211; Investimentos, Unipessoal Lda, numero societario 516596640, con sede in Rua Padre Jos\u00e9 Machado Barcelos, N.\u00ba 41 9500-725 Ponta Delgada, a trattare i tuoi dati personali contenuti nel modulo di registrazione, di cui confermi di essere il titolare, nonch\u00e9 i dati relativi al tuo rapporto commerciale e contrattuale e alla sua gestione, in conformit\u00e0 alla presente Informativa sulla privacy.<\/p>\n\n\n\n<p>Dichiara ancora:<\/p>\n\n\n\n<ol class=\"wp-block-list\" type=\"1\"><li>be aware and fully informed\/a che il trattamento dei tuoi dati personali include tutte le operazioni effettuate sui dati da te trasmessi, con o senza mezzi automatizzati, ai fini di:<br><br>&#8211; migliorare il funzionamento e la funzionalit\u00e0 delle Aspazores &#8211; Investimentos, sito Unipessoal Lda (anche nei casi in cui i tuoi dati saranno aggregati e trattati statisticamente, senza essere identificabili da terze parti a cui sono forniti);<br>&#8211; migliorare e personalizzare i servizi forniti;<br>&#8211; contattarti\/a tramite email, messaggi scritti o telefonici a &#8211; inviare informazioni o aggiornamenti sulle tue transazioni e richieste, nonch\u00e9 informazioni su nuovi prodotti o servizi;<br>&#8211; interagire con te su piattaforme di social media;<br><br><\/li><\/ol>\n\n\n\n<p>2. accettare e acconsentire al libero uso e riproduzione, da parte di Aspazores &#8211; Investimentos, Unipessoal Lda, dei suoi contenuti pubblicamente disponibili e\/o pubblicati su piattaforme di social media in cui ha esplicitamente e specificamente fatto riferimento al &#8220;hashtag&#8221; #aspazores, i nostri marchi, prodotti o servizi;<\/p>\n\n\n\n<p>3. essere consapevoli che, in conformit\u00e0 con la legge applicabile, \u00e8 possibile opporsi, limitare, correggere o richiedere la cancellazione in relazione al trattamento dei propri dati per una o alcune delle finalit\u00e0 sopra descritte, inviando una richiesta al seguente indirizzo e-mail: geral@aspazores.pt, e avere il diritto di presentare un reclamo alle autorit\u00e0 competenti;<\/p>\n\n\n\n<p>4. fornire tale consenso liberamente e volontariamente e avere almeno 16 anni.<\/p>\n\n\n\n<p><br><strong><strong>POL\u00cdTICA DE PRIVACIDADE<br><\/strong><\/strong><\/p>\n\n\n\n<p>In Aspazores &#8211; Investimentos, Unipessoal Lda, consideriamo la tua privacy una questione seria. Ci impegniamo a massimizzare la tua esperienza con il nostro sito web e le piattaforme di social media in un ambiente sicuro.\u00a0<br>\u00c8 nostra politica trattare i vostri dati personali con discrezione e proteggerli. La presente Informativa sulla privacy spiega come raccogliamo, proteggiamo, utilizziamo e condividiamo informazioni su di te, online e offline, sperando di offrirti una maggiore fiducia in Aspazores &#8211; Investimentos, Unipessoal Lda e migliorare la tua esperienza con noi.<br><br>Si prega di notare che la presente Informativa sulla privacy si applica alle informazioni raccolte da Aspazores &#8211; Investimenti, solo Unipessoal Lda e non estende le informazioni che potresti aver inviato su altri siti web o piattaforme sociali gestite da altre entit\u00e0 o organizzazioni a cui potremmo fare riferimento. Questa informativa sulla privacy riguarda solo questo sito web. Si prega di leggere attentamente i seguenti termini.<\/p>\n\n\n\n<ol class=\"wp-block-list\" type=\"1\"><li>i tuoi dati<\/li><\/ol>\n\n\n\n<p>Aspazores &#8211; Investimentos, Unipessoal Lda si impegna a trattare i tuoi dati personali in conformit\u00e0 al Regolamento Europeo (UE) 2016\/679 del Parlamento Europeo e del Consiglio del 27 aprile 2016, relativa alla protezione delle persone fisiche con riguardo al trattamento dei dati personali e alla libera circolazione di tali dati e che abroga la direttiva 95\/46\/CE (regolamento generale sulla protezione dei dati).<br>Questo sito non raccoglie informazioni personali su di te a meno che tu non ce le fornisca volontariamente. Questo significa che non conosceremo il tuo nome, indirizzo email o altre informazioni personali solo perch\u00e9 hai navigato su questo sito.<\/p>\n\n\n\n<p><br>Raccogliamo i tuoi dati solo quando compili una richiesta online per un preventivo o un modulo di contatto. Ti potrebbe essere chiesto di inserire<\/p>\n\n\n\n<p><\/p>\n\n\n\n<p>Si prega di notare che fornendoci le informazioni personali su di te ai sensi dei termini descritti nella presente informativa sulla privacy, ci stai dando il tuo consenso per utilizzarle per gli scopi di cui al presente documento.<\/p>\n\n\n\n<ul class=\"wp-block-list\"><li><strong>utilizzo dei dati<\/strong><\/li><\/ul>\n\n\n\n<p>Qualsiasi dato fornito pu\u00f2 essere utilizzato nei seguenti modi:<\/p>\n\n\n\n<ul class=\"wp-block-list\"><li>personalizza la tua esperienza con noi<\/li><li>migliorare il nostro sito web sui servizi e le risorse disponibili<\/li><li>li&gt;<\/li><li>migliorare il nostro servizio clienti in generale<\/li><li>contatto voi<\/li><\/ul>\n\n\n\n<p>I tuoi dati, pubblici o privati, non saranno venduti, scambiati, trasferiti o dati a qualsiasi altra azienda al di fuori di Aspazores &#8211; Investimentos, Unipessoal Lda, per qualsiasi motivo, senza il tuo consenso.&nbsp;<\/p>\n\n\n\n<p>Possiamo utilizzare e fornire informazioni e statistiche aggregate a terzi per monitorare l&#8217;uso del nostro sito web allo scopo di aiutarci a svilupparlo e i nostri servizi. I dati utilizzati non dovrebbero includere informazioni che possono essere utilizzate per identificare qualsiasi individuo.<\/p>\n\n\n\n<p>I dati di contatto forniti dall&#8217;utente possono essere utilizzati per inviare informazioni e aggiornamenti relativi ai suoi ordini, oltre a ricevere aggiornamenti occasionali da Aspazores &#8211; Investimentos, Unipessoal Lda e informazioni su prodotti o servizi correlati.<\/p>\n\n\n\n<p>Potremmo contattarti via e-mail o telefono per chiedere il tuo feedback sui nostri prodotti e servizi.<\/p>\n\n\n\n<p><br>Nota: Se in qualsiasi momento si desidera annullare l&#8217;iscrizione da e-mail future, includeremo istruzioni dettagliate di cancellazione in fondo a ogni e-mail.<\/p>\n\n\n\n<ul class=\"wp-block-list\"><li><strong>protezione delle informazioni<\/strong><\/li><\/ul>\n\n\n\n<p>Seguiamo gli standard del settore per proteggere i tuoi dati durante la trasmissione e, una volta ricevuti, implementiamo varie misure per mantenere la sicurezza dei dati personali che ci hai trasmesso.<\/p>\n\n\n\n<p>TUTTAVIA, SI DOVREBBE ESSERE CONSAPEVOLI CHE NESSUN METODO DI TRASMISSIONE ELETTRONICA O DI ARCHIVIAZIONE \u00c8 SICURO AL 100%.<\/p>\n\n\n\n<p>Pertanto, nella misura massima consentita dalla legge, non possiamo essere ritenuti responsabili per eventuali reclami. Perdite e danni, inclusi, senza limitazione, perdite o danni diretti, indiretti, speciali, punitivi, incidentali o consequenziali subiti dall&#8217;utente o da qualsiasi utente in relazione a frodi informatiche, RISCHI O QUALSIASI ALTRA VIOLAZIONE O CIRCOSTANZA IN CUI LE INFORMAZIONI SONO ACCESSIBILI O DIVULGATE SENZA LA NOSTRA ESPRESSA AUTORIZZAZIONE.<\/p>\n\n\n\n<ul class=\"wp-block-list\"><li><strong>cookie<br><\/strong><\/li><\/ul>\n\n\n\n<p>Un cookie \u00e8 un piccolo file di testo che, sebbene non raccolga informazioni personali che consentono all&#8217;utente di essere identificato, salva su di esso, sul proprio dispositivo di accesso (mobile, computerizzato o altro)informazioni generali sulla navigazione che consentono di utilizzarlo in modo pi\u00f9 rapido ed efficace.<br>Un cookie da solo non identifica personalmente alcun utente\/ visitatore.<br>Possiamo utilizzare tecnologie come i &#8220;cookie&#8221; per registrare informazioni di sessione, raccogliere visite e accedere ai dettagli delle nostre pagine web che ci consentono di continuare a migliorare i nostri servizi e fornire funzionalit\u00e0 migliori e pi\u00f9 utili agli utenti\/ visitatori del nostro sito web.<\/p>\n\n\n\n<p>I cookie sono consigliati e hanno funzioni specifiche per consentire una navigazione migliore e pi\u00f9 personalizzata.<\/p>\n\n\n\n<p>L&#8217;esistenza di cookie non compromette il funzionamento del dispositivo e del suo sistema operativo. Oltre alle informazioni memorizzate nel cookie, le informazioni vengono memorizzate anche nell&#8217;area &#8220;Archiviazione locale&#8221; del browser per gli stessi scopi dei cookie.&nbsp;<\/p>\n\n\n\n<p>I cookie possono essere di vari tipi: quelli che consentono di identificare l&#8217;utente e migliorare il funzionamento dei servizi sui siti web; quelli che migliorano le prestazioni del sito web analizzando il modo in cui gli utenti lo utilizzano; quelli che consentono all&#8217;utente di navigare pi\u00f9 individualmente e quelli che raccolgono informazioni sull&#8217;utente sulle abitudini di navigazione su Internet in modo che la pubblicit\u00e0 visualizzata dall&#8217;utente corrisponda alle loro esigenze e interessi.&nbsp;<\/p>\n\n\n\n<p>Lo scopo principale dei nostri cookie \u00e8 migliorare la tua esperienza di navigazione in quanto, tra le altre cose, ci aiuta a ricordare le tue preferenze. Queste informazioni ci permettono anche di migliorare il nostro sito web (ad esempio, facilitando l&#8217;analisi statistica del suo utilizzo). Alla luce di queste finalit\u00e0, i tuoi dati personali di natura sensibile non vengono memorizzati attraverso i cookie. Le informazioni contenute nei nostri cookie vengono utilizzate solo da noi, tranne quelle relative a Google Analytics (gestito da Google).<\/p>\n\n\n\n<p>Tutti i browser consentono all&#8217;utente di accettare, rifiutare o cancellare i cookie, in particolare selezionando le impostazioni appropriate nel proprio browser, in modo che l&#8217;utente possa, in qualsiasi momento, disattivare parzialmente o completamente i cookie utilizzati sul nostro sito web.&nbsp;<\/p>\n\n\n\n<p><br>Se scegli di disabilitare i cookie, potresti non essere in grado di accedere a determinate sezioni del nostro sito web, la tua navigazione diventer\u00e0 meno efficiente e potresti non beneficiare pi\u00f9 di nessuna delle funzionalit\u00e0 o dei servizi.&nbsp;<\/p>\n\n\n\n<p>Nota: questo elenco pu\u00f2 essere aggiornato in base ai nuovi servizi e funzionalit\u00e0 del nostro sito web con l&#8217;introduzione di nuovi cookie.<\/p>\n\n\n\n<ul class=\"wp-block-list\"><li><strong>Come garantire la tua sicurezza<\/strong><\/li><\/ul>\n\n\n\n<p>Per la tua privacy, ti consigliamo di non includere dati personali, particolarmente sensibili o riservati nelle e-mail che ci invii. Si prega di non inviarci numeri di carta di credito o qualsiasi informazione personale sensibile.<\/p>\n\n\n\n<p>Non raccogliamo consapevolmente informazioni personali da minori. In qualit\u00e0 di genitore o tutore legale, non consentire ai tuoi figli di inviare informazioni personali senza il tuo permesso.<\/p>\n\n\n\n<p>Non siamo responsabili per l&#8217;identificazione dei dati o altre informazioni che si sceglie di inviare nei forum come area di commento o qualsiasi altra area pubblica accessibile che gestiamo o gestiamo.<\/p>\n\n\n\n<ul class=\"wp-block-list\"><li><strong>Divulgazione di informazioni a terzi<\/strong><\/li><\/ul>\n\n\n\n<p>Non vendiamo, commercializziamo o trasferiamo le tue informazioni personali a terzi. Questo non include terze parti di fiducia che ci aiutano a gestire il nostro sito web, applicazioni mobili, condurre la nostra attivit\u00e0 o fornire servizi ai nostri clienti, a condizione che queste parti convengano di mantenere queste informazioni riservate.&nbsp;<\/p>\n\n\n\n<p>Possiamo anche divulgare le tue informazioni quando riteniamo che il rilascio sia appropriato per rispettare la legge, per far rispettare le nostre politiche sul sito web o per proteggere i nostri diritti, propriet\u00e0 o sicurezza.&nbsp;<\/p>\n\n\n\n<p>Tuttavia, le informazioni sui visitatori non identificabili personalmente possono essere fornite ad altre parti per scopi di marketing, pubblicit\u00e0 o altri usi.<\/p>\n\n\n\n<ul class=\"wp-block-list\"><li><strong>Collegamenti di terzi<\/strong><\/li><\/ul>\n\n\n\n<p>Si prega di notare che anche se si \u00e8 su un sito web gestito da noi, si pu\u00f2 anche essere fatto riferimento a link a siti web di terze parti. Occasionalmente, a nostra discrezione, possiamo includere o offrire servizi di terze parti sulle nostre piattaforme.<\/p>\n\n\n\n<p>Questi siti di terze parti hanno politiche sulla privacy separate e indipendenti. Queste politiche non sono gestite o controllate da noi, quindi Aspazores &#8211; Investimentos, Unipessoal Lda non si assume alcuna responsabilit\u00e0 per il contenuto e le attivit\u00e0 di questi siti web.&nbsp;<\/p>\n\n\n\n<p>Tuttavia, cerchiamo di proteggere l&#8217;integrit\u00e0 del nostro sito web e delle nostre piattaforme e ti preghiamo di contattarci se desideri fornirci il tuo feedback su di essi. Si consiglia inoltre di leggere attentamente i termini e le condizioni e le politiche sulla privacy di questi siti web collegati prima di inviare informazioni o dati personali.<\/p>\n\n\n\n<ul class=\"wp-block-list\"><li><strong>il tuo consenso<\/strong><\/li><\/ul>\n\n\n\n<p>Utilizzando il nostro sito web e le nostre piattaforme, accetti la nostra Informativa sulla privacy.<\/p>\n\n\n\n<ul class=\"wp-block-list\"><li><strong>Periodo di conservazione dei dati<\/strong><\/li><\/ul>\n\n\n\n<p>\u00c8 nostra responsabilit\u00e0 informarti che i dati personali che ci fornisci saranno conservati fino a quando non ne richiedi la rimozione.<\/p>\n\n\n\n<ul class=\"wp-block-list\" type=\"1\"><li><strong>diritto d&#8217;autore<\/strong><\/li><\/ul>\n\n\n\n<p>I video, i suoni, le immagini e tutte le informazioni su questo sito web, non possono essere copiati, distribuiti, modificati o collocati su piattaforme digitali, senza previa autorizzazione di Aspazores &#8211; Investimentos, Unipessoal Lda<\/p>\n\n\n\n<ul class=\"wp-block-list\" type=\"1\"><li><strong>i loro diritti<\/strong><\/li><\/ul>\n\n\n\n<p>Dal momento che vogliamo assicurarvi di essere a conoscenza dei vostri diritti e in conformit\u00e0 con la legge applicabile, vorremmo informarvi che:<\/p>\n\n\n\n<p>I tuoi dati personali appartengono a te. Come tale, hai il diritto di accedere, rettificare, limitare, cancellare e opporti al loro trattamento, nonch\u00e9 di ottenerli da Aspazores &#8211; Investimentos, Unipessoal Lda.<br>Faremo tutto il possibile per mantenere i tuoi dati personali aggiornati e protetti secondo i migliori standard del settore.<\/p>\n\n\n\n<ul class=\"wp-block-list\"><li>Avete il diritto di presentare un reclamo presso l&#8217;autorit\u00e0 competente per la protezione dei dati. In Portogallo, questa autorit\u00e0 \u00e8 la Commissione nazionale per la protezione dei dati (&#8220;CNPD&#8221;). Maggiori informazioni sul CNPD possono essere ottenute attraverso il sito web www.cnpd.pt<\/li><\/ul>\n\n\n\n<p><strong><br><\/strong>Per esercitare i diritti di accesso, rettifica, cancellazione, blocco o opposizione al trattamento dei dati personali da Lei forniti, ai sensi della Legge 67\/98 del 26 ottobre, Lei deve inviare una richiesta in tal senso, all&#8217;indirizzo di posta elettronica: geral@aspazores.pt<\/p>\n\n\n\n<ul class=\"wp-block-list\" type=\"1\"><li><strong>Legge applicabile <\/strong><\/li><\/ul>\n\n\n\n<p>I presenti Termini di utilizzo sono disciplinati e redatti in conformit\u00e0 alla legge applicabile. Qualsiasi conflitto o divergenza di interpretazione \u00e8 deferito alla Corte competente.<\/p>\n\n\n\n<ul class=\"wp-block-list\" type=\"1\"><li><strong>Modifiche alla nostra Informativa sulla privacy<\/strong><\/li><\/ul>\n\n\n\n<p>Ci riserviamo il diritto di aggiornare, modificare o cancellare la presente Informativa sulla privacy senza alcun ulteriore consenso. Comunicheremo le eventuali modifiche sul nostro sito Web e tramite una comunicazione ai mezzi di contatto indicati. L&#8217;uso continuato del nostro sito web, applicazioni, servizi e funzionalit\u00e0 offerti dopo tale comunicazione sar\u00e0 considerato coerente con tali modifiche.<\/p>\n\n\n\n<p>La versione attuale \u00e8 stata pubblicata il 31-05-2022.<\/p>\n\n\n\n<ul class=\"wp-block-list\"><li><strong>Contattaci<\/strong><\/li><\/ul>\n\n\n\n<p>In caso di dubbi sulla presente Informativa sulla privacy o se desideri esercitare uno dei tuoi diritti di cui sopra, ti preghiamo di contattarci all&#8217;indirizzo:<\/p>\n\n\n\n<p>Telefono: +351 913033303<\/p>\n\n\n\n<p>E-mail: geral@aspazores.pt<\/p>\n","protected":false},"excerpt":{"rendered":"<p>GDPR &#8211; Regime generale di protezione dei datiInformativa sulla privacy | Condizioni di utilizzo &amp;; Use DICHIARAZIONE E CONSENSO \u00e0 POLITICA SULLA PRIVACY Accettando la presente<span class=\"excerpt-hellip\"> [\u2026]<\/span><\/p>\n","protected":false},"author":1,"featured_media":0,"parent":0,"menu_order":0,"comment_status":"closed","ping_status":"closed","template":"","meta":{"_joinchat":[],"footnotes":""},"class_list":["post-1324","page","type-page","status-publish","hentry"],"acf":[],"yoast_head":"<!-- This site is optimized with the Yoast SEO plugin v19.2 - https:\/\/yoast.com\/wordpress\/plugins\/seo\/ -->\n<title>Politica sulla privacy - Aspazores<\/title>\n<meta name=\"description\" content=\"Na Aspazores valorizamos a sua privacidade. Por favor, consulte a nossa pol\u00edtica privacidade e desfrute do que temos para si.\" \/>\n<meta name=\"robots\" content=\"index, follow, max-snippet:-1, max-image-preview:large, max-video-preview:-1\" \/>\n<link rel=\"canonical\" href=\"http:\/\/aspazores.pt\/it\/politica-privacidade\/\" \/>\n<meta property=\"og:locale\" content=\"it_IT\" \/>\n<meta property=\"og:type\" content=\"article\" \/>\n<meta property=\"og:title\" content=\"Politica sulla privacy - Aspazores\" \/>\n<meta property=\"og:description\" content=\"Na Aspazores valorizamos a sua privacidade. Por favor, consulte a nossa pol\u00edtica privacidade e desfrute do que temos para si.\" \/>\n<meta property=\"og:url\" content=\"http:\/\/aspazores.pt\/it\/politica-privacidade\/\" \/>\n<meta property=\"og:site_name\" content=\"Aspazores\" \/>\n<meta property=\"article:modified_time\" content=\"2022-11-29T16:31:29+00:00\" \/>\n<meta name=\"author\" content=\"Administrador\" \/>\n<meta name=\"twitter:card\" content=\"summary_large_image\" \/>\n<meta name=\"twitter:label1\" content=\"Tempo di lettura stimato\" \/>\n\t<meta name=\"twitter:data1\" content=\"12 minuti\" \/>\n<script type=\"application\/ld+json\" class=\"yoast-schema-graph\">{\"@context\":\"https:\/\/schema.org\",\"@graph\":[{\"@type\":\"WebSite\",\"@id\":\"http:\/\/aspazores.pt\/it\/#website\",\"url\":\"http:\/\/aspazores.pt\/it\/\",\"name\":\"Aspazores\",\"description\":\"\",\"potentialAction\":[{\"@type\":\"SearchAction\",\"target\":{\"@type\":\"EntryPoint\",\"urlTemplate\":\"http:\/\/aspazores.pt\/it\/?s={search_term_string}\"},\"query-input\":\"required name=search_term_string\"}],\"inLanguage\":\"it-IT\"},{\"@type\":\"WebPage\",\"@id\":\"http:\/\/aspazores.pt\/it\/politica-privacidade\/#webpage\",\"url\":\"http:\/\/aspazores.pt\/it\/politica-privacidade\/\",\"name\":\"Politica sulla privacy - Aspazores\",\"isPartOf\":{\"@id\":\"http:\/\/aspazores.pt\/it\/#website\"},\"datePublished\":\"2021-06-14T11:27:39+00:00\",\"dateModified\":\"2022-11-29T16:31:29+00:00\",\"description\":\"Na Aspazores valorizamos a sua privacidade. Por favor, consulte a nossa pol\u00edtica privacidade e desfrute do que temos para si.\",\"breadcrumb\":{\"@id\":\"http:\/\/aspazores.pt\/it\/politica-privacidade\/#breadcrumb\"},\"inLanguage\":\"it-IT\",\"potentialAction\":[{\"@type\":\"ReadAction\",\"target\":[\"http:\/\/aspazores.pt\/it\/politica-privacidade\/\"]}]},{\"@type\":\"BreadcrumbList\",\"@id\":\"http:\/\/aspazores.pt\/it\/politica-privacidade\/#breadcrumb\",\"itemListElement\":[{\"@type\":\"ListItem\",\"position\":1,\"name\":\"In\u00edcio\",\"item\":\"http:\/\/aspazores.pt\/it\/\"},{\"@type\":\"ListItem\",\"position\":2,\"name\":\"Politica sulla privacy\"}]}]}<\/script>\n<!-- \/ Yoast SEO plugin. -->","yoast_head_json":{"title":"Politica sulla privacy - Aspazores","description":"Na Aspazores valorizamos a sua privacidade. Por favor, consulte a nossa pol\u00edtica privacidade e desfrute do que temos para si.","robots":{"index":"index","follow":"follow","max-snippet":"max-snippet:-1","max-image-preview":"max-image-preview:large","max-video-preview":"max-video-preview:-1"},"canonical":"http:\/\/aspazores.pt\/it\/politica-privacidade\/","og_locale":"it_IT","og_type":"article","og_title":"Politica sulla privacy - Aspazores","og_description":"Na Aspazores valorizamos a sua privacidade. Por favor, consulte a nossa pol\u00edtica privacidade e desfrute do que temos para si.","og_url":"http:\/\/aspazores.pt\/it\/politica-privacidade\/","og_site_name":"Aspazores","article_modified_time":"2022-11-29T16:31:29+00:00","author":"Administrador","twitter_card":"summary_large_image","twitter_misc":{"Tempo di lettura stimato":"12 minuti"},"schema":{"@context":"https:\/\/schema.org","@graph":[{"@type":"WebSite","@id":"http:\/\/aspazores.pt\/it\/#website","url":"http:\/\/aspazores.pt\/it\/","name":"Aspazores","description":"","potentialAction":[{"@type":"SearchAction","target":{"@type":"EntryPoint","urlTemplate":"http:\/\/aspazores.pt\/it\/?s={search_term_string}"},"query-input":"required name=search_term_string"}],"inLanguage":"it-IT"},{"@type":"WebPage","@id":"http:\/\/aspazores.pt\/it\/politica-privacidade\/#webpage","url":"http:\/\/aspazores.pt\/it\/politica-privacidade\/","name":"Politica sulla privacy - Aspazores","isPartOf":{"@id":"http:\/\/aspazores.pt\/it\/#website"},"datePublished":"2021-06-14T11:27:39+00:00","dateModified":"2022-11-29T16:31:29+00:00","description":"Na Aspazores valorizamos a sua privacidade. Por favor, consulte a nossa pol\u00edtica privacidade e desfrute do que temos para si.","breadcrumb":{"@id":"http:\/\/aspazores.pt\/it\/politica-privacidade\/#breadcrumb"},"inLanguage":"it-IT","potentialAction":[{"@type":"ReadAction","target":["http:\/\/aspazores.pt\/it\/politica-privacidade\/"]}]},{"@type":"BreadcrumbList","@id":"http:\/\/aspazores.pt\/it\/politica-privacidade\/#breadcrumb","itemListElement":[{"@type":"ListItem","position":1,"name":"In\u00edcio","item":"http:\/\/aspazores.pt\/it\/"},{"@type":"ListItem","position":2,"name":"Politica sulla privacy"}]}]}},"_links":{"self":[{"href":"http:\/\/aspazores.pt\/it\/wp-json\/wp\/v2\/pages\/1324","targetHints":{"allow":["GET"]}}],"collection":[{"href":"http:\/\/aspazores.pt\/it\/wp-json\/wp\/v2\/pages"}],"about":[{"href":"http:\/\/aspazores.pt\/it\/wp-json\/wp\/v2\/types\/page"}],"author":[{"embeddable":true,"href":"http:\/\/aspazores.pt\/it\/wp-json\/wp\/v2\/users\/1"}],"replies":[{"embeddable":true,"href":"http:\/\/aspazores.pt\/it\/wp-json\/wp\/v2\/comments?post=1324"}],"version-history":[{"count":2,"href":"http:\/\/aspazores.pt\/it\/wp-json\/wp\/v2\/pages\/1324\/revisions"}],"predecessor-version":[{"id":1507,"href":"http:\/\/aspazores.pt\/it\/wp-json\/wp\/v2\/pages\/1324\/revisions\/1507"}],"wp:attachment":[{"href":"http:\/\/aspazores.pt\/it\/wp-json\/wp\/v2\/media?parent=1324"}],"curies":[{"name":"wp","href":"https:\/\/api.w.org\/{rel}","templated":true}]}}