{"id":1332,"date":"2022-07-05T19:31:17","date_gmt":"2022-07-05T19:31:17","guid":{"rendered":"https:\/\/aspazores.pt\/termos-e-condicoes\/"},"modified":"2022-11-29T16:46:40","modified_gmt":"2022-11-29T16:46:40","slug":"termos-e-condicoes","status":"publish","type":"page","link":"http:\/\/aspazores.pt\/it\/termos-e-condicoes\/","title":{"rendered":"Termini e condizioni"},"content":{"rendered":"\n<p><\/p>\n\n\n\n<p><strong>1. condizioni generali<\/strong><\/p>\n\n\n\n<p>1.1. La societ\u00e0 Aspazores &#8211; Investimentos, Unipessoal Lda, con sede legale Padre Jos\u00e9 Machado Barcelos, N.\u00ba 41 9500-725 Ponta Delgada, persona giuridica n. 516596640, che \u00e8 anche il suo numero di registrazione nel registro delle imprese di Ponta Delgada, con il capitale sociale di 75000 \u20ac, \u00e8 responsabile del sito web www. aspazores.pt (di seguito &#8220;sito web&#8221;).<\/p>\n\n\n\n<p>1.2.L&#8217;utente dichiara di accettare e agire in conformit\u00e0 con i Termini e Condizioni d&#8217;uso qui descritti, nonch\u00e9 con tutte le sue future modifiche, utilizzando il servizio fornito da Aspazores &#8211; Investimentos, Unipessoal Lda.\u00a0 su questo sito.<\/p>\n\n\n\n<p>1.3 Nei termini e condizioni qui menzionati, ogni volta che vengono utilizzati i termini &#8220;noi&#8221; o &#8220;nostro&#8221; si fa riferimento ad Aspazores &#8211; Investimentos, Unipessoal Lda.\u00a0 o aspazores.pt. Ogni volta che usiamo &#8220;tu&#8221; o &#8220;tuo&#8221;, ci riferiamo a chiunque usi aspazores.pt.<\/p>\n\n\n\n<p>1.4. Accedendo e utilizzando questo sito Web, l&#8217;utente \u00e8 soggetto ai seguenti Termini e condizioni nonch\u00e9 alla nostra Informativa sulla privacy. Navigando sul sito web, l&#8217;utente accetta di rispettare i presenti Termini e condizioni e l&#8217;Informativa sulla privacy. Se non si \u00e8 d&#8217;accordo con il suo contenuto, l&#8217;utente non \u00e8 autorizzato ad accedere e utilizzare il sito web, e deve interrompere l&#8217;accesso e\/ o utilizzare immediatamente.<\/p>\n\n\n\n<p>1.5. Il cliente deve leggere attentamente i Termini e Condizioni ogni volta che accede al sito.<\/p>\n\n\n\n<p>1.6. In caso di violazione di uno qualsiasi dei termini inclusi nel presente documento, il diritto di accedere e utilizzare questo sito web sar\u00e0 immediatamente revocato.<\/p>\n\n\n\n<p>1.7. Il contenuto di questo sito \u00e8 protetto da copyright e sono di propriet\u00e0 di Aspazores &#8211; Investimentos, Unipessoal Lda. Non \u00e8 consentito utilizzarlo in alcun modo senza il nostro consenso.<\/p>\n\n\n\n<p><br><strong>2. bilancio<\/strong><\/p>\n\n\n\n<p>2.1 Qualsiasi offerta inviata \u00e8 valida per 30 giorni, dalla data di invio, e pu\u00f2 essere oggetto di revisione dopo tale periodo.<\/p>\n\n\n\n<p>2.2. In caso di errore nel bilancio presentato, a&nbsp;Aspazores &#8211; Investimentos, Unipessoal Ldasi riserva il diritto, durante la sua validit\u00e0 (30 giorni), di rettificare.<\/p>\n\n\n\n<p>2.3. Qualsiasi cambiamento su richiesta, servizio o spesa del cliente che non \u00e8 stato espresso nel bilancio iniziale, ha un costo aggiuntivo.<\/p>\n\n\n\n<p><strong>3. Copyright y  propriet\u00e0<\/strong><br><br>3.1. Tutti i contenuti di questo sito web, che include testi, design, illustrazioni, loghi, video, audio, fotografie e altri elementi, sono protetti dalla legge ai sensi del Codice del Copyright e dei Diritti Connessi. Non \u00e8 consentito visualizzare, riprodurre, distribuire, modificare, trasmettere o utilizzare i contenuti in alcun modo, per scopi pubblici o commerciali, senza il nostro previo consenso scritto.<\/p>\n\n\n\n<p>3.2. I contenuti di questo sito sono protetti da Copyright e Diritti Connessi, Diritti di Propriet\u00e0 Industriale, dalla Legge sulla Criminalit\u00e0 Informatica e sono di propriet\u00e0 di Aspazores &#8211; Investimentos, Unipessoal Lda.<\/p>\n\n\n\n<p>3.3. Il Copyright sull&#8217;Opera sar\u00e0 solo di propriet\u00e0 del cliente, una volta finalizzato, approvato e pagato per intero.<\/p>\n\n\n\n<p>3.4 Ci riserviamo il diritto di non fornire al cliente i file modificabili, font o altri strumenti e software necessari per la produzione delle opere.<\/p>\n\n\n\n<p>3.5. a&nbsp;Aspazores &#8211; Investimentos, Unipessoal Lda&nbsp; si riserva il diritto di perseguire gli autori di qualsiasi copia non autorizzata, riproduzione, diffusione o sfruttamento commerciale di testi, design, illustrazioni, loghi, video, audio, fotografie e altri elementi, che non sono state trasferite al cliente.<\/p>\n\n\n\n<p>3.6. Il cliente \u00e8 responsabile di garantire che i materiali da lui forniti per l&#8217;esecuzione delle opere non violino alcun diritto d&#8217;autore o propriet\u00e0 industriale di terzi e per eventuali danni causati a Aspazores &#8211; Investimentos, Unipessoal Lda, uso improprio degli stessi.<\/p>\n\n\n\n<p><strong>Risoluzione online delle controversie<\/strong><\/p>\n\n\n\n<p>L&#8217;Unione Europea ha creato un sito web per aiutare i consumatori a presentare reclami su qualsiasi controversia in cui sono coinvolti. In questo contesto, Aspazores &#8211; Investimentos, Unipessoal Lda fornisce tutte le informazioni in modo che tu possa esercitare il tuo diritto di presentare reclamo a un&#8217;entit\u00e0 ufficiale, terza e imparziale al processo (\u00abentit\u00e0 di risoluzione delle controversie\u00bb) che ti aiuter\u00e0 a risolvere la controversia in questione.<br>Pertanto, se non sei soddisfatto dell&#8217;acquisto di un bene o servizio sul nostro sito web o della soluzione da noi presentata per risolvere la situazione, puoi accedere a questo https:\/\/ec.europa.eu\/consumers\/odr\/main\/index.cfm&#8221;event=main2.show&amp;lng=PT ed esporre la sua contestazione.<\/p>\n\n\n\n<p>4.1. Cos&#8217;\u00e8 la risoluzione alternativa delle controversie?<\/p>\n\n\n\n<p>Risoluzione alternativa delle controversie \u00e8 la possibilit\u00e0 che tutti i consumatori hanno a loro disposizione per appellarsi e enti ufficiali che li aiutano nella risoluzione, o guida di qualsiasi conflitto, prima di aprire casi di contenzioso in tribunale.<\/p>\n\n\n\n<p>Come regola generale, la procedura \u00e8 la seguente: il cliente chiede a un terzo imparziale di intervenire come intermediario tra loro e il commerciante che \u00e8 il bersaglio del suo reclamo. L&#8217;intermediario pu\u00f2 suggerire una soluzione al tuo reclamo, imporre una soluzione a entrambe le parti o riunire le parti per trovare una soluzione.<\/p>\n\n\n\n<p>Potresti conoscere il concetto di risoluzione alternativa delle controversie con un altro nome: &#8216;mediazione&#8217;, &#8216;conciliazione&#8217;, &#8216;arbitrato&#8217; o &#8216;comitato responsabile per le controversie dei consumatori&#8217;.<\/p>\n\n\n\n<p>La risoluzione alternativa delle controversie \u00e8 di solito meno costosa, meno formale e pi\u00f9 veloce di quella giudiziaria.<\/p>\n\n\n\n<p>Suggerimenti di entit\u00e0 alternative di risoluzione delle controversie:<\/p>\n\n\n\n<p>CNIACC \u2013 Centro Nacional de Informa\u00e7\u00e3o e Arbitragem de Conflitos de Consumo<\/p>\n\n\n\n<p>http:\/\/www.arbitragemdeconsumo.org\/<\/p>\n\n\n\n<p>Centro de Arbitragem de Conflitos de Consumo de Lisboa<\/p>\n\n\n\n<p>http:\/\/www.centroarbitragemlisboa.pt\/<\/p>\n\n\n\n<p>Centro de Arbitragem de Conflitos de Consumo do Vale do Ave\/Tribunal Arbitral<\/p>\n\n\n\n<p><blockquote class=\"wp-embedded-content\" data-secret=\"K2npyVHWJs\"><a href=\"https:\/\/www.triave.pt\/\">Home<\/a><\/blockquote><iframe class=\"wp-embedded-content\" sandbox=\"allow-scripts\" security=\"restricted\" style=\"position: absolute; clip: rect(1px, 1px, 1px, 1px);\" title=\"&#8220;Home&#8221; &#8212; TRIAVE\" src=\"https:\/\/www.triave.pt\/embed\/#?secret=9mlDtCPFwH#?secret=K2npyVHWJs\" data-secret=\"K2npyVHWJs\" width=\"600\" height=\"338\" frameborder=\"0\" marginwidth=\"0\" marginheight=\"0\" scrolling=\"no\"><\/iframe><\/p>\n\n\n\n<p>CIAB \u2013 Centro de Informa\u00e7\u00e3o, Media\u00e7\u00e3o e Arbitragem de Consumo (Tribunal Arbitral de Consumo)<\/p>\n\n\n\n<p>http:\/\/www.ciab.pt\/pt\/<\/p>\n\n\n\n<p>CIMPAS \u2013 Centro de Informa\u00e7\u00e3o, Media\u00e7\u00e3o e Provedoria de Seguros<\/p>\n\n\n\n<figure class=\"wp-block-embed\"><div class=\"wp-block-embed__wrapper\">\nhttps:\/\/www.cimpas.pt\/\n<\/div><\/figure>\n\n\n\n<p><strong>5. Uso consentito\/ Attivit\u00e0 vietate<\/strong><\/p>\n\n\n\n<p>Solo l&#8217;accesso e l&#8217;uso di questo sito web per funzioni personali e non commerciali, cio\u00e8, che il sito web deve essere accessibile e utilizzato solo da privati o da una societ\u00e0 che desiderano acquisire i nostri servizi\/ prodotti o societ\u00e0 per loro conto.&nbsp;<\/p>\n\n\n\n<p>Qualsiasi attivit\u00e0 da noi ritenuta inappropriata e\/o potenzialmente illegale in conformit\u00e0 con la legislazione applicabile a questo sito, inclusi, a titolo esemplificativo e non esaustivo:<\/p>\n\n\n\n<p>5.1. Danneggiare, abusare, diffamare, minacciare o molestare un&#8217;altra persona o azienda, o in un modo che invade la privacy di un&#8217;altra persona, o che \u00e8 osceno, offensivo, odioso, indecente, inappropriato, discutibile, inaccettabile, discriminatorio o dannoso.<\/p>\n\n\n\n<p>5.2. Azioni che possono costituire una violazione della privacy, come l&#8217;invio di informazioni private a questo sito senza il consenso della persona interessata o altri diritti legali degli individui.<\/p>\n\n\n\n<p>5.3. Invia a questo sito file contenenti virus che possono causare danni alla propriet\u00e0 di Aspazores &#8211; Investimentos, Unipessoal Lda<\/p>\n\n\n\n<p>5.4. Utilizzare qualsiasi tipo di codice automatico computerizzato, processo, programma, robot, Internet Crawler, Spider, processore di dati, drag o screen scraping alternative al computer, processo, programmi o codici di sistema.<\/p>\n\n\n\n<p>5.5. \u00c8 espressamente vietato utilizzare il sito per scopi illegali o qualsiasi altro scopo che possa essere considerato indegno della nostra immagine. Usurpazione, contraffazione, sfruttamento di contenuti usurpati o contraffatti, identificazione illegittima e concorrenza sleale sono punibili penalmente.<\/p>\n\n\n\n<p><strong>6. Contenuti e garanzie<\/strong><\/p>\n\n\n\n<p>6.1.Le informazioni su questo sito sono state incluse in buona fede e servono esclusivamente per informazioni generali, e il suo uso \u00e8 a vostro esclusivo rischio.<\/p>\n\n\n\n<p>6.2. Questo sito e i suoi contenuti sono forniti senza garanzie di alcun tipo, cio\u00e8 nessuna garanzia che l&#8217;accesso a questo sito sia ininterrotto o privo di errori, privo di virus o altro materiale dannoso, o che le informazioni contenute in questo sito siano complete, accurate o tempestive.<\/p>\n\n\n\n<p>6.3. Aspazores &#8211; Investimentos, Unipessoal Lda si riserva il diritto di apportare modifiche e correzioni, sospendere o chiudere il sito quando ritenuto opportuno e senza preavviso.<\/p>\n\n\n\n<p>6.4. A&amp;NBSP;Aspazores &#8211; Investimentos, Unipessoal Lda&nbsp; non filtra o monitora in anticipo i contenuti trasmessi a questo sito da terzi e non \u00e8 responsabile per il filtraggio o il monitoraggio di contenuti di questo tipo.<\/p>\n\n\n\n<p>6.5. Se notificato, Aspazores &#8211; Investimentos, Unipessoal Lda pu\u00f2 indagare su un&#8217;accusa secondo cui il contenuto trasmesso a questo sito web viola i Termini e Condizioni e pu\u00f2 determinare se causer\u00e0 la rimozione delle informazioni da questo sito web.<\/p>\n\n\n\n<p>6.6. Aspazores &#8211; Investimentos, Unipessoal Lda non si assume alcuna responsabilit\u00e0 o obbligo per qualsiasi azione o contenuto trasmesso dall&#8217;utente o da terzi all&#8217;interno o all&#8217;esterno di questo sito web.<\/p>\n\n\n\n<p><strong>7. Responsabilit\u00e0, uso e rischio<\/strong><\/p>\n\n\n\n<p>7.1. Il modo in cui utilizzate questo sito web e il contenuto in esso contenuto \u00e8 esclusivamente a vostro rischio.<\/p>\n\n\n\n<p>7.2. Aspazores &#8211; Investimentos, Unipessoal Lda e tutti i suoi tutori legali, amministratori, dipendenti e agenti, nonch\u00e9 qualsiasi altra parte coinvolta nella creazione, produzione, manutenzione o implementazione di questo sito web, non sar\u00e0 responsabile nei confronti di qualsiasi utente del sito web, per eventuali danni, lesioni o lesioni (compresa la perdita di profitti e danni morali, perdite indirette, accidentali o consequenziali) derivanti dall&#8217;uso corretto o scorretto di questo sito web e del suo contenuto, l&#8217;accesso al computer o al sistema informatico da parte di terzi, virus, ecc.<\/p>\n\n\n\n<p>Questo sito contiene link a siti web di terzi. Questi link sono forniti esclusivamente per la vostra convenienza e accessibilit\u00e0. Non approviamo il contenuto di questi siti web di terze parti e non siamo responsabili per il contenuto di tali siti web. L&#8217;accesso e la visita a uno qualsiasi di questi siti di terze parti \u00e8 a proprio rischio.<\/p>\n\n\n\n<p>8. <strong>Giurisdizione e legge applicabile<\/strong><\/p>\n\n\n\n<p>Aspazores &#8211; Investimentos, Unipessoal Lda e l&#8217;utente di questo sito accettano, senza riserve, che qualsiasi controversia o controversia derivante dall&#8217;uso di questo sito sar\u00e0 disciplinata dalla legge portoghese.<\/p>\n\n\n\n<p>Ultimo aggiornamento il: 31\/05\/2022<\/p>\n","protected":false},"excerpt":{"rendered":"<p>1. condizioni generali 1.1. La societ\u00e0 Aspazores &#8211; Investimentos, Unipessoal Lda, con sede legale Padre Jos\u00e9 Machado Barcelos, N.\u00ba 41 9500-725 Ponta Delgada, persona giuridica n.<span class=\"excerpt-hellip\"> [\u2026]<\/span><\/p>\n","protected":false},"author":1,"featured_media":0,"parent":0,"menu_order":0,"comment_status":"closed","ping_status":"closed","template":"","meta":{"_joinchat":[],"footnotes":""},"class_list":["post-1332","page","type-page","status-publish","hentry"],"acf":[],"yoast_head":"<!-- This site is optimized with the Yoast SEO plugin v19.2 - https:\/\/yoast.com\/wordpress\/plugins\/seo\/ -->\n<title>Termini e condizioni - Aspazores<\/title>\n<meta name=\"description\" content=\"Por favor, leia os nossos termos e condi\u00e7\u00f5es antes de utilizar o nosso website. Na Aspazores respeitamos a sua privacidade.\" \/>\n<meta name=\"robots\" content=\"index, follow, max-snippet:-1, max-image-preview:large, max-video-preview:-1\" \/>\n<link rel=\"canonical\" href=\"http:\/\/aspazores.pt\/it\/termos-e-condicoes\/\" \/>\n<meta property=\"og:locale\" content=\"it_IT\" \/>\n<meta property=\"og:type\" content=\"article\" \/>\n<meta property=\"og:title\" content=\"Termini e condizioni - Aspazores\" \/>\n<meta property=\"og:description\" content=\"Por favor, leia os nossos termos e condi\u00e7\u00f5es antes de utilizar o nosso website. Na Aspazores respeitamos a sua privacidade.\" \/>\n<meta property=\"og:url\" content=\"http:\/\/aspazores.pt\/it\/termos-e-condicoes\/\" \/>\n<meta property=\"og:site_name\" content=\"Aspazores\" \/>\n<meta property=\"article:modified_time\" content=\"2022-11-29T16:46:40+00:00\" \/>\n<meta name=\"author\" content=\"Administrador\" \/>\n<meta name=\"twitter:card\" content=\"summary_large_image\" \/>\n<meta name=\"twitter:label1\" content=\"Tempo di lettura stimato\" \/>\n\t<meta name=\"twitter:data1\" content=\"9 minuti\" \/>\n<script type=\"application\/ld+json\" class=\"yoast-schema-graph\">{\"@context\":\"https:\/\/schema.org\",\"@graph\":[{\"@type\":\"WebSite\",\"@id\":\"http:\/\/aspazores.pt\/it\/#website\",\"url\":\"http:\/\/aspazores.pt\/it\/\",\"name\":\"Aspazores\",\"description\":\"\",\"potentialAction\":[{\"@type\":\"SearchAction\",\"target\":{\"@type\":\"EntryPoint\",\"urlTemplate\":\"http:\/\/aspazores.pt\/it\/?s={search_term_string}\"},\"query-input\":\"required name=search_term_string\"}],\"inLanguage\":\"it-IT\"},{\"@type\":\"WebPage\",\"@id\":\"http:\/\/aspazores.pt\/it\/termos-e-condicoes\/#webpage\",\"url\":\"http:\/\/aspazores.pt\/it\/termos-e-condicoes\/\",\"name\":\"Termini e condizioni - Aspazores\",\"isPartOf\":{\"@id\":\"http:\/\/aspazores.pt\/it\/#website\"},\"datePublished\":\"2022-07-05T19:31:17+00:00\",\"dateModified\":\"2022-11-29T16:46:40+00:00\",\"description\":\"Por favor, leia os nossos termos e condi\u00e7\u00f5es antes de utilizar o nosso website. Na Aspazores respeitamos a sua privacidade.\",\"breadcrumb\":{\"@id\":\"http:\/\/aspazores.pt\/it\/termos-e-condicoes\/#breadcrumb\"},\"inLanguage\":\"it-IT\",\"potentialAction\":[{\"@type\":\"ReadAction\",\"target\":[\"http:\/\/aspazores.pt\/it\/termos-e-condicoes\/\"]}]},{\"@type\":\"BreadcrumbList\",\"@id\":\"http:\/\/aspazores.pt\/it\/termos-e-condicoes\/#breadcrumb\",\"itemListElement\":[{\"@type\":\"ListItem\",\"position\":1,\"name\":\"In\u00edcio\",\"item\":\"http:\/\/aspazores.pt\/it\/\"},{\"@type\":\"ListItem\",\"position\":2,\"name\":\"Termini e condizioni\"}]}]}<\/script>\n<!-- \/ Yoast SEO plugin. -->","yoast_head_json":{"title":"Termini e condizioni - Aspazores","description":"Por favor, leia os nossos termos e condi\u00e7\u00f5es antes de utilizar o nosso website. Na Aspazores respeitamos a sua privacidade.","robots":{"index":"index","follow":"follow","max-snippet":"max-snippet:-1","max-image-preview":"max-image-preview:large","max-video-preview":"max-video-preview:-1"},"canonical":"http:\/\/aspazores.pt\/it\/termos-e-condicoes\/","og_locale":"it_IT","og_type":"article","og_title":"Termini e condizioni - Aspazores","og_description":"Por favor, leia os nossos termos e condi\u00e7\u00f5es antes de utilizar o nosso website. Na Aspazores respeitamos a sua privacidade.","og_url":"http:\/\/aspazores.pt\/it\/termos-e-condicoes\/","og_site_name":"Aspazores","article_modified_time":"2022-11-29T16:46:40+00:00","author":"Administrador","twitter_card":"summary_large_image","twitter_misc":{"Tempo di lettura stimato":"9 minuti"},"schema":{"@context":"https:\/\/schema.org","@graph":[{"@type":"WebSite","@id":"http:\/\/aspazores.pt\/it\/#website","url":"http:\/\/aspazores.pt\/it\/","name":"Aspazores","description":"","potentialAction":[{"@type":"SearchAction","target":{"@type":"EntryPoint","urlTemplate":"http:\/\/aspazores.pt\/it\/?s={search_term_string}"},"query-input":"required name=search_term_string"}],"inLanguage":"it-IT"},{"@type":"WebPage","@id":"http:\/\/aspazores.pt\/it\/termos-e-condicoes\/#webpage","url":"http:\/\/aspazores.pt\/it\/termos-e-condicoes\/","name":"Termini e condizioni - Aspazores","isPartOf":{"@id":"http:\/\/aspazores.pt\/it\/#website"},"datePublished":"2022-07-05T19:31:17+00:00","dateModified":"2022-11-29T16:46:40+00:00","description":"Por favor, leia os nossos termos e condi\u00e7\u00f5es antes de utilizar o nosso website. Na Aspazores respeitamos a sua privacidade.","breadcrumb":{"@id":"http:\/\/aspazores.pt\/it\/termos-e-condicoes\/#breadcrumb"},"inLanguage":"it-IT","potentialAction":[{"@type":"ReadAction","target":["http:\/\/aspazores.pt\/it\/termos-e-condicoes\/"]}]},{"@type":"BreadcrumbList","@id":"http:\/\/aspazores.pt\/it\/termos-e-condicoes\/#breadcrumb","itemListElement":[{"@type":"ListItem","position":1,"name":"In\u00edcio","item":"http:\/\/aspazores.pt\/it\/"},{"@type":"ListItem","position":2,"name":"Termini e condizioni"}]}]}},"_links":{"self":[{"href":"http:\/\/aspazores.pt\/it\/wp-json\/wp\/v2\/pages\/1332","targetHints":{"allow":["GET"]}}],"collection":[{"href":"http:\/\/aspazores.pt\/it\/wp-json\/wp\/v2\/pages"}],"about":[{"href":"http:\/\/aspazores.pt\/it\/wp-json\/wp\/v2\/types\/page"}],"author":[{"embeddable":true,"href":"http:\/\/aspazores.pt\/it\/wp-json\/wp\/v2\/users\/1"}],"replies":[{"embeddable":true,"href":"http:\/\/aspazores.pt\/it\/wp-json\/wp\/v2\/comments?post=1332"}],"version-history":[{"count":1,"href":"http:\/\/aspazores.pt\/it\/wp-json\/wp\/v2\/pages\/1332\/revisions"}],"predecessor-version":[{"id":1509,"href":"http:\/\/aspazores.pt\/it\/wp-json\/wp\/v2\/pages\/1332\/revisions\/1509"}],"wp:attachment":[{"href":"http:\/\/aspazores.pt\/it\/wp-json\/wp\/v2\/media?parent=1332"}],"curies":[{"name":"wp","href":"https:\/\/api.w.org\/{rel}","templated":true}]}}